{"id":33273,"date":"2023-02-08T11:10:52","date_gmt":"2023-02-08T10:10:52","guid":{"rendered":"https:\/\/mc.app\/thank-you-detaillant\/"},"modified":"2024-10-11T18:27:20","modified_gmt":"2024-10-11T16:27:20","slug":"thank-you-detaillant","status":"publish","type":"page","link":"https:\/\/mc.app\/tr\/thank-you-detaillant\/","title":{"rendered":"thank you d\u00e9taillant"},"content":{"rendered":"\t\t<div data-elementor-type=\"wp-page\" data-elementor-id=\"33273\" class=\"elementor elementor-33273 elementor-33229\" data-elementor-post-type=\"page\">\n\t\t\t\t\t\t<section class=\"elementor-section elementor-top-section elementor-element elementor-element-297ca7c elementor-section-boxed elementor-section-height-default elementor-section-height-default\" data-id=\"297ca7c\" data-element_type=\"section\">\n\t\t\t\t\t\t<div class=\"elementor-container elementor-column-gap-default\">\n\t\t\t\t\t<div class=\"elementor-column elementor-col-100 elementor-top-column elementor-element elementor-element-f5dbd31\" data-id=\"f5dbd31\" data-element_type=\"column\">\n\t\t\t<div class=\"elementor-widget-wrap elementor-element-populated\">\n\t\t\t\t\t\t<div class=\"elementor-element elementor-element-87821fc elementor-widget elementor-widget-shortcode\" data-id=\"87821fc\" data-element_type=\"widget\" data-widget_type=\"shortcode.default\">\n\t\t\t\t<div class=\"elementor-widget-container\">\n\t\t\t\t\t\t\t<div class=\"elementor-shortcode\">\t\t<div data-elementor-type=\"page\" data-elementor-id=\"33253\" class=\"elementor elementor-33253 elementor-33192\" data-elementor-post-type=\"elementor_library\">\n\t\t\t\t\t\t<section class=\"elementor-section elementor-top-section elementor-element elementor-element-b7c1fb0 elementor-section-boxed elementor-section-height-default elementor-section-height-default\" data-id=\"b7c1fb0\" data-element_type=\"section\">\n\t\t\t\t\t\t<div class=\"elementor-container elementor-column-gap-default\">\n\t\t\t\t\t<div class=\"elementor-column elementor-col-100 elementor-top-column elementor-element elementor-element-087a7e9\" data-id=\"087a7e9\" data-element_type=\"column\">\n\t\t\t<div class=\"elementor-widget-wrap elementor-element-populated\">\n\t\t\t\t\t\t<div class=\"elementor-element elementor-element-ec12cb8 elementor-widget elementor-widget-heading\" data-id=\"ec12cb8\" data-element_type=\"widget\" data-widget_type=\"heading.default\">\n\t\t\t\t<div class=\"elementor-widget-container\">\n\t\t\t\t\t<h1 class=\"elementor-heading-title elementor-size-default\">Sizin i\u00e7in do\u011fru \u00e7\u00f6z\u00fcm bizde! <\/h1>\t\t\t\t<\/div>\n\t\t\t\t<\/div>\n\t\t\t\t<div class=\"elementor-element elementor-element-2c8d0bb elementor-widget elementor-widget-heading\" data-id=\"2c8d0bb\" data-element_type=\"widget\" data-widget_type=\"heading.default\">\n\t\t\t\t<div class=\"elementor-widget-container\">\n\t\t\t\t\t<h2 class=\"elementor-heading-title elementor-size-default\">MC APP - MicroStore taraf\u0131ndan perakendeciler i\u00e7in \u00f6zel olarak tasarlanan mobil uygulama Nanoshop ile kolayca \u00e7evrimi\u00e7i olun! <\/h2>\t\t\t\t<\/div>\n\t\t\t\t<\/div>\n\t\t\t\t<div class=\"elementor-element elementor-element-6fa6c00 elementor-widget elementor-widget-image\" data-id=\"6fa6c00\" data-element_type=\"widget\" data-widget_type=\"image.default\">\n\t\t\t\t<div class=\"elementor-widget-container\">\n\t\t\t\t\t\t\t\t\t\t\t\t\t\t\t<img loading=\"lazy\" decoding=\"async\" width=\"1580\" height=\"724\" src=\"https:\/\/mc.app\/wp-content\/uploads\/2023\/02\/Image-MCAPPxNANO_v2.png\" class=\"attachment-2048x2048 size-2048x2048 wp-image-33227\" alt=\"Application de vente en ligne\" srcset=\"https:\/\/mc.app\/wp-content\/uploads\/2023\/02\/Image-MCAPPxNANO_v2.png 1580w, https:\/\/mc.app\/wp-content\/uploads\/2023\/02\/Image-MCAPPxNANO_v2-300x137.png 300w, https:\/\/mc.app\/wp-content\/uploads\/2023\/02\/Image-MCAPPxNANO_v2-1024x469.png 1024w, https:\/\/mc.app\/wp-content\/uploads\/2023\/02\/Image-MCAPPxNANO_v2-768x352.png 768w, https:\/\/mc.app\/wp-content\/uploads\/2023\/02\/Image-MCAPPxNANO_v2-1536x704.png 1536w, https:\/\/mc.app\/wp-content\/uploads\/2023\/02\/Image-MCAPPxNANO_v2-1170x536.png 1170w, https:\/\/mc.app\/wp-content\/uploads\/2023\/02\/Image-MCAPPxNANO_v2-1200x550.png 1200w\" sizes=\"auto, (max-width: 1580px) 100vw, 1580px\" \/>\t\t\t\t\t\t\t\t\t\t\t\t\t\t\t<\/div>\n\t\t\t\t<\/div>\n\t\t\t\t\t<\/div>\n\t\t<\/div>\n\t\t\t\t\t<\/div>\n\t\t<\/section>\n\t\t\t\t<section class=\"elementor-section elementor-top-section elementor-element elementor-element-ebe5afb elementor-section-boxed elementor-section-height-default elementor-section-height-default\" data-id=\"ebe5afb\" data-element_type=\"section\">\n\t\t\t\t\t\t<div class=\"elementor-container elementor-column-gap-default\">\n\t\t\t\t\t<div class=\"elementor-column elementor-col-100 elementor-top-column elementor-element elementor-element-112ec2b\" data-id=\"112ec2b\" data-element_type=\"column\">\n\t\t\t<div class=\"elementor-widget-wrap elementor-element-populated\">\n\t\t\t\t\t\t<div class=\"elementor-element elementor-element-334eea3 elementor-widget elementor-widget-heading\" data-id=\"334eea3\" data-element_type=\"widget\" data-widget_type=\"heading.default\">\n\t\t\t\t<div class=\"elementor-widget-container\">\n\t\t\t\t\t<h2 class=\"elementor-heading-title elementor-size-default\">5 DAKIKA I\u00c7INDE ONLINE MA\u011eAZANIZI A\u00c7IN! <\/h2>\t\t\t\t<\/div>\n\t\t\t\t<\/div>\n\t\t\t\t<section class=\"elementor-section elementor-inner-section elementor-element elementor-element-11670a0 elementor-section-boxed elementor-section-height-default elementor-section-height-default\" data-id=\"11670a0\" data-element_type=\"section\">\n\t\t\t\t\t\t<div class=\"elementor-container elementor-column-gap-default\">\n\t\t\t\t\t<div class=\"elementor-column elementor-col-50 elementor-inner-column elementor-element elementor-element-fab3213\" data-id=\"fab3213\" data-element_type=\"column\">\n\t\t\t<div class=\"elementor-widget-wrap elementor-element-populated\">\n\t\t\t\t\t\t<div class=\"elementor-element elementor-element-9c92dae elementor-widget elementor-widget-image\" data-id=\"9c92dae\" data-element_type=\"widget\" data-widget_type=\"image.default\">\n\t\t\t\t<div class=\"elementor-widget-container\">\n\t\t\t\t\t\t\t\t\t\t\t\t\t\t\t<img decoding=\"async\" src=\"https:\/\/mc.app\/wp-content\/uploads\/elementor\/thumbs\/Capture_NANOSHOP-qzqvi3h4d9v00f3gnuyegf3ydxdztkpffcl3dlq1wm.png\" title=\"Capture_NANOSHOP\" alt=\"Application vente en ligne, Nanoshop\" loading=\"lazy\" \/>\t\t\t\t\t\t\t\t\t\t\t\t\t\t\t<\/div>\n\t\t\t\t<\/div>\n\t\t\t\t\t<\/div>\n\t\t<\/div>\n\t\t\t\t<div class=\"elementor-column elementor-col-50 elementor-inner-column elementor-element elementor-element-27f1909\" data-id=\"27f1909\" data-element_type=\"column\">\n\t\t\t<div class=\"elementor-widget-wrap elementor-element-populated\">\n\t\t\t\t\t\t<div class=\"elementor-element elementor-element-bf661fa elementor-widget elementor-widget-text-editor\" data-id=\"bf661fa\" data-element_type=\"widget\" data-widget_type=\"text-editor.default\">\n\t\t\t\t<div class=\"elementor-widget-container\">\n\t\t\t\t\t\t\t\t\t<p>Nanoshop size \u015funlar\u0131 sunar:<\/p>\n<p><strong>Verimli bir \u00e7evrimi\u00e7i ma\u011faza<\/strong><\/p>\n<p>Verimli bir \u00e7evrimi\u00e7i ma\u011faza<\/p>\n<p><strong>M\u00fc\u015fterilerinizle g\u00fc\u00e7l\u00fc bir ili\u015fki  <\/strong><br \/>M\u00fc\u015fterilerinizle g\u00fc\u00e7l\u00fc bir ili\u015fki <\/p>\n<p><strong>\u0130\u015fletmeniz i\u00e7in daha fazla sat\u0131\u015f yapma yetene\u011fi <\/strong><\/p>\n<p>7\/24 online sipari\u015f ve \u00f6deme<\/p>\n\t\t\t\t\t\t\t\t<\/div>\n\t\t\t\t<\/div>\n\t\t\t\t<div class=\"elementor-element elementor-element-f338df1 elementor-align-left elementor-widget elementor-widget-button\" data-id=\"f338df1\" data-element_type=\"widget\" data-widget_type=\"button.default\">\n\t\t\t\t<div class=\"elementor-widget-container\">\n\t\t\t\t\t\t\t\t\t<div class=\"elementor-button-wrapper\">\n\t\t\t\t\t<a class=\"elementor-button elementor-button-link elementor-size-sm elementor-animation-shrink\" href=\"https:\/\/nanoshop.app\/\">\n\t\t\t\t\t\t<span class=\"elementor-button-content-wrapper\">\n\t\t\t\t\t\t\t\t\t<span class=\"elementor-button-text\">Nanoshop'u Ke\u015ffedin<\/span>\n\t\t\t\t\t<\/span>\n\t\t\t\t\t<\/a>\n\t\t\t\t<\/div>\n\t\t\t\t\t\t\t\t<\/div>\n\t\t\t\t<\/div>\n\t\t\t\t\t<\/div>\n\t\t<\/div>\n\t\t\t\t\t<\/div>\n\t\t<\/section>\n\t\t\t\t\t<\/div>\n\t\t<\/div>\n\t\t\t\t\t<\/div>\n\t\t<\/section>\n\t\t\t\t<\/div>\n\t\t<\/div>\n\t\t\t\t\t\t<\/div>\n\t\t\t\t<\/div>\n\t\t\t\t\t<\/div>\n\t\t<\/div>\n\t\t\t\t\t<\/div>\n\t\t<\/section>\n\t\t\t\t<\/div>\n\t\t","protected":false},"excerpt":{"rendered":"","protected":false},"author":4,"featured_media":0,"parent":0,"menu_order":0,"comment_status":"closed","ping_status":"closed","template":"","meta":{"footnotes":""},"class_list":["post-33273","page","type-page","status-publish","hentry"],"yoast_head":"<!-- This site is optimized with the Yoast SEO plugin v26.2 - https:\/\/yoast.com\/wordpress\/plugins\/seo\/ -->\n<title>thank you d\u00e9taillant - MCAPP - MicroStore<\/title>\n<meta name=\"robots\" content=\"noindex, nofollow\" \/>\n<meta property=\"og:locale\" content=\"tr_TR\" \/>\n<meta property=\"og:type\" content=\"article\" \/>\n<meta property=\"og:title\" content=\"thank you d\u00e9taillant - MCAPP - MicroStore\" \/>\n<meta property=\"og:url\" content=\"https:\/\/mc.app\/thank-you-detaillant\/\" \/>\n<meta property=\"og:site_name\" content=\"MCAPP - MicroStore\" \/>\n<meta property=\"article:publisher\" content=\"https:\/\/www.facebook.com\/microstoreapp\" \/>\n<meta property=\"article:modified_time\" content=\"2024-10-11T16:27:20+00:00\" \/>\n<meta name=\"twitter:card\" content=\"summary_large_image\" \/>\n<meta name=\"twitter:site\" content=\"@efolix\" \/>\n<script type=\"application\/ld+json\" class=\"yoast-schema-graph\">{\"@context\":\"https:\/\/schema.org\",\"@graph\":[{\"@type\":\"WebPage\",\"@id\":\"https:\/\/mc.app\/thank-you-detaillant\/\",\"url\":\"https:\/\/mc.app\/thank-you-detaillant\/\",\"name\":\"thank you d\u00e9taillant - MCAPP - MicroStore\",\"isPartOf\":{\"@id\":\"https:\/\/mc.app\/#website\"},\"datePublished\":\"2023-02-08T10:10:52+00:00\",\"dateModified\":\"2024-10-11T16:27:20+00:00\",\"breadcrumb\":{\"@id\":\"https:\/\/mc.app\/thank-you-detaillant\/#breadcrumb\"},\"inLanguage\":\"tr\",\"potentialAction\":[{\"@type\":\"ReadAction\",\"target\":[\"https:\/\/mc.app\/thank-you-detaillant\/\"]}]},{\"@type\":\"BreadcrumbList\",\"@id\":\"https:\/\/mc.app\/thank-you-detaillant\/#breadcrumb\",\"itemListElement\":[{\"@type\":\"ListItem\",\"position\":1,\"name\":\"Accueil\",\"item\":\"https:\/\/mc.app\/fr\/\"},{\"@type\":\"ListItem\",\"position\":2,\"name\":\"thank you d\u00e9taillant\"}]},{\"@type\":\"WebSite\",\"@id\":\"https:\/\/mc.app\/#website\",\"url\":\"https:\/\/mc.app\/\",\"name\":\"MCAPP - MicroStore\",\"description\":\"Solution digitale pour les grossistes de mode\",\"publisher\":{\"@id\":\"https:\/\/mc.app\/#organization\"},\"potentialAction\":[{\"@type\":\"SearchAction\",\"target\":{\"@type\":\"EntryPoint\",\"urlTemplate\":\"https:\/\/mc.app\/?s={search_term_string}\"},\"query-input\":{\"@type\":\"PropertyValueSpecification\",\"valueRequired\":true,\"valueName\":\"search_term_string\"}}],\"inLanguage\":\"tr\"},{\"@type\":\"Organization\",\"@id\":\"https:\/\/mc.app\/#organization\",\"name\":\"MCAPP - MicroStore\",\"url\":\"https:\/\/mc.app\/\",\"logo\":{\"@type\":\"ImageObject\",\"inLanguage\":\"tr\",\"@id\":\"https:\/\/mc.app\/#\/schema\/logo\/image\/\",\"url\":\"https:\/\/mc.app\/wp-content\/uploads\/2022\/09\/LOGO_130x45.svg\",\"contentUrl\":\"https:\/\/mc.app\/wp-content\/uploads\/2022\/09\/LOGO_130x45.svg\",\"width\":130,\"height\":45,\"caption\":\"MCAPP - MicroStore\"},\"image\":{\"@id\":\"https:\/\/mc.app\/#\/schema\/logo\/image\/\"},\"sameAs\":[\"https:\/\/www.facebook.com\/microstoreapp\",\"https:\/\/x.com\/efolix\",\"https:\/\/www.instagram.com\/mc.app_fr\/\"]}]}<\/script>\n<!-- \/ Yoast SEO plugin. -->","yoast_head_json":{"title":"thank you d\u00e9taillant - MCAPP - MicroStore","robots":{"index":"noindex","follow":"nofollow"},"og_locale":"tr_TR","og_type":"article","og_title":"thank you d\u00e9taillant - MCAPP - MicroStore","og_url":"https:\/\/mc.app\/thank-you-detaillant\/","og_site_name":"MCAPP - MicroStore","article_publisher":"https:\/\/www.facebook.com\/microstoreapp","article_modified_time":"2024-10-11T16:27:20+00:00","twitter_card":"summary_large_image","twitter_site":"@efolix","schema":{"@context":"https:\/\/schema.org","@graph":[{"@type":"WebPage","@id":"https:\/\/mc.app\/thank-you-detaillant\/","url":"https:\/\/mc.app\/thank-you-detaillant\/","name":"thank you d\u00e9taillant - MCAPP - MicroStore","isPartOf":{"@id":"https:\/\/mc.app\/#website"},"datePublished":"2023-02-08T10:10:52+00:00","dateModified":"2024-10-11T16:27:20+00:00","breadcrumb":{"@id":"https:\/\/mc.app\/thank-you-detaillant\/#breadcrumb"},"inLanguage":"tr","potentialAction":[{"@type":"ReadAction","target":["https:\/\/mc.app\/thank-you-detaillant\/"]}]},{"@type":"BreadcrumbList","@id":"https:\/\/mc.app\/thank-you-detaillant\/#breadcrumb","itemListElement":[{"@type":"ListItem","position":1,"name":"Accueil","item":"https:\/\/mc.app\/fr\/"},{"@type":"ListItem","position":2,"name":"thank you d\u00e9taillant"}]},{"@type":"WebSite","@id":"https:\/\/mc.app\/#website","url":"https:\/\/mc.app\/","name":"MCAPP - MicroStore","description":"Solution digitale pour les grossistes de mode","publisher":{"@id":"https:\/\/mc.app\/#organization"},"potentialAction":[{"@type":"SearchAction","target":{"@type":"EntryPoint","urlTemplate":"https:\/\/mc.app\/?s={search_term_string}"},"query-input":{"@type":"PropertyValueSpecification","valueRequired":true,"valueName":"search_term_string"}}],"inLanguage":"tr"},{"@type":"Organization","@id":"https:\/\/mc.app\/#organization","name":"MCAPP - MicroStore","url":"https:\/\/mc.app\/","logo":{"@type":"ImageObject","inLanguage":"tr","@id":"https:\/\/mc.app\/#\/schema\/logo\/image\/","url":"https:\/\/mc.app\/wp-content\/uploads\/2022\/09\/LOGO_130x45.svg","contentUrl":"https:\/\/mc.app\/wp-content\/uploads\/2022\/09\/LOGO_130x45.svg","width":130,"height":45,"caption":"MCAPP - MicroStore"},"image":{"@id":"https:\/\/mc.app\/#\/schema\/logo\/image\/"},"sameAs":["https:\/\/www.facebook.com\/microstoreapp","https:\/\/x.com\/efolix","https:\/\/www.instagram.com\/mc.app_fr\/"]}]}},"_links":{"self":[{"href":"https:\/\/mc.app\/tr\/wp-json\/wp\/v2\/pages\/33273","targetHints":{"allow":["GET"]}}],"collection":[{"href":"https:\/\/mc.app\/tr\/wp-json\/wp\/v2\/pages"}],"about":[{"href":"https:\/\/mc.app\/tr\/wp-json\/wp\/v2\/types\/page"}],"author":[{"embeddable":true,"href":"https:\/\/mc.app\/tr\/wp-json\/wp\/v2\/users\/4"}],"replies":[{"embeddable":true,"href":"https:\/\/mc.app\/tr\/wp-json\/wp\/v2\/comments?post=33273"}],"version-history":[{"count":1,"href":"https:\/\/mc.app\/tr\/wp-json\/wp\/v2\/pages\/33273\/revisions"}],"predecessor-version":[{"id":43737,"href":"https:\/\/mc.app\/tr\/wp-json\/wp\/v2\/pages\/33273\/revisions\/43737"}],"wp:attachment":[{"href":"https:\/\/mc.app\/tr\/wp-json\/wp\/v2\/media?parent=33273"}],"curies":[{"name":"wp","href":"https:\/\/api.w.org\/{rel}","templated":true}]}}