{"id":33179,"date":"2023-02-08T09:58:54","date_gmt":"2023-02-08T08:58:54","guid":{"rendered":"https:\/\/mc.app\/thank-you\/"},"modified":"2024-10-11T18:28:53","modified_gmt":"2024-10-11T16:28:53","slug":"thank-you","status":"publish","type":"page","link":"https:\/\/mc.app\/tr\/thank-you\/","title":{"rendered":"thank you"},"content":{"rendered":"\t\t<div data-elementor-type=\"wp-page\" data-elementor-id=\"33179\" class=\"elementor elementor-33179 elementor-33165\" data-elementor-post-type=\"page\">\n\t\t\t\t<div class=\"elementor-element elementor-element-530fefa e-flex e-con-boxed e-con e-parent\" data-id=\"530fefa\" data-element_type=\"container\">\n\t\t\t\t\t<div class=\"e-con-inner\">\n\t\t\t\t<div class=\"elementor-element elementor-element-e34fe11 elementor-widget elementor-widget-shortcode\" data-id=\"e34fe11\" data-element_type=\"widget\" data-widget_type=\"shortcode.default\">\n\t\t\t\t<div class=\"elementor-widget-container\">\n\t\t\t\t\t\t\t<div class=\"elementor-shortcode\">\t\t<div data-elementor-type=\"loop-item\" data-elementor-id=\"33146\" class=\"elementor elementor-33146 elementor-33114 e-loop-item e-loop-item-33179 post-33179 page type-page status-publish hentry\" data-elementor-post-type=\"elementor_library\" data-custom-edit-handle=\"1\">\n\t\t\t\t\t<section class=\"elementor-section elementor-top-section elementor-element elementor-element-b7c1fb0 elementor-section-boxed elementor-section-height-default elementor-section-height-default\" data-id=\"b7c1fb0\" data-element_type=\"section\">\n\t\t\t\t\t\t<div class=\"elementor-container elementor-column-gap-default\">\n\t\t\t\t\t<div class=\"elementor-column elementor-col-100 elementor-top-column elementor-element elementor-element-087a7e9\" data-id=\"087a7e9\" data-element_type=\"column\">\n\t\t\t<div class=\"elementor-widget-wrap elementor-element-populated\">\n\t\t\t\t\t\t<div class=\"elementor-element elementor-element-6fa6c00 elementor-widget elementor-widget-image\" data-id=\"6fa6c00\" data-element_type=\"widget\" data-widget_type=\"image.default\">\n\t\t\t\t<div class=\"elementor-widget-container\">\n\t\t\t\t\t\t\t\t\t\t\t\t\t\t\t<img loading=\"lazy\" decoding=\"async\" width=\"1477\" height=\"400\" src=\"https:\/\/mc.app\/wp-content\/uploads\/2023\/02\/Signature-EN-Thank-you.png\" class=\"attachment-2048x2048 size-2048x2048 wp-image-33124\" alt=\"Logiciel pour gestion de stock, MC APP - MicroStore\" srcset=\"https:\/\/mc.app\/wp-content\/uploads\/2023\/02\/Signature-EN-Thank-you.png 1477w, https:\/\/mc.app\/wp-content\/uploads\/2023\/02\/Signature-EN-Thank-you-300x81.png 300w, https:\/\/mc.app\/wp-content\/uploads\/2023\/02\/Signature-EN-Thank-you-1024x277.png 1024w, https:\/\/mc.app\/wp-content\/uploads\/2023\/02\/Signature-EN-Thank-you-768x208.png 768w, https:\/\/mc.app\/wp-content\/uploads\/2023\/02\/Signature-EN-Thank-you-1200x325.png 1200w\" sizes=\"auto, (max-width: 1477px) 100vw, 1477px\" \/>\t\t\t\t\t\t\t\t\t\t\t\t\t\t\t<\/div>\n\t\t\t\t<\/div>\n\t\t\t\t\t<\/div>\n\t\t<\/div>\n\t\t\t\t\t<\/div>\n\t\t<\/section>\n\t\t\t\t<section class=\"elementor-section elementor-top-section elementor-element elementor-element-9d739cb elementor-section-boxed elementor-section-height-default elementor-section-height-default\" data-id=\"9d739cb\" data-element_type=\"section\">\n\t\t\t\t\t\t<div class=\"elementor-container elementor-column-gap-default\">\n\t\t\t\t\t<div class=\"elementor-column elementor-col-100 elementor-top-column elementor-element elementor-element-839daec\" data-id=\"839daec\" data-element_type=\"column\">\n\t\t\t<div class=\"elementor-widget-wrap elementor-element-populated\">\n\t\t\t\t\t\t<div class=\"elementor-element elementor-element-f27cc6d elementor-widget elementor-widget-heading\" data-id=\"f27cc6d\" data-element_type=\"widget\" data-widget_type=\"heading.default\">\n\t\t\t\t<div class=\"elementor-widget-container\">\n\t\t\t\t\t<h2 class=\"elementor-heading-title elementor-size-default\">Dan\u0131\u015fmanlar\u0131m\u0131zdan biri k\u0131sa s\u00fcre i\u00e7inde sizinle ileti\u015fime ge\u00e7ecektir! <\/h2>\t\t\t\t<\/div>\n\t\t\t\t<\/div>\n\t\t\t\t<div class=\"elementor-element elementor-element-c3bc47e elementor-widget elementor-widget-heading\" data-id=\"c3bc47e\" data-element_type=\"widget\" data-widget_type=\"heading.default\">\n\t\t\t\t<div class=\"elementor-widget-container\">\n\t\t\t\t\t<h2 class=\"elementor-heading-title elementor-size-default\"> <span class=\"tabs-text\">Bu arada, <\/span> ihtiyac\u0131na y\u00f6nelik yay\u0131mlad\u0131\u011f\u0131m\u0131z t\u00fcm <span class=\"tabs-text\"> ipu\u00e7l\u0131m\u0131z\u0131, tavsiyelerimizi ve analizlerimizi i\u00e7eren makalelerimize <\/span>buradan ula\u015fabilirsiniz:<\/h2>\t\t\t\t<\/div>\n\t\t\t\t<\/div>\n\t\t\t\t<div class=\"elementor-element elementor-element-d88ccb9 elementor-posts__hover-none elementor-grid-3 elementor-grid-tablet-2 elementor-grid-mobile-1 elementor-posts--thumbnail-top elementor-widget elementor-widget-posts\" data-id=\"d88ccb9\" data-element_type=\"widget\" data-settings=\"{&quot;cards_columns&quot;:&quot;3&quot;,&quot;cards_columns_tablet&quot;:&quot;2&quot;,&quot;cards_columns_mobile&quot;:&quot;1&quot;,&quot;cards_row_gap&quot;:{&quot;unit&quot;:&quot;px&quot;,&quot;size&quot;:35,&quot;sizes&quot;:[]},&quot;cards_row_gap_tablet&quot;:{&quot;unit&quot;:&quot;px&quot;,&quot;size&quot;:&quot;&quot;,&quot;sizes&quot;:[]},&quot;cards_row_gap_mobile&quot;:{&quot;unit&quot;:&quot;px&quot;,&quot;size&quot;:&quot;&quot;,&quot;sizes&quot;:[]}}\" data-widget_type=\"posts.cards\">\n\t\t\t\t<div class=\"elementor-widget-container\">\n\t\t\t\t\t\t\t<div class=\"elementor-posts-container elementor-posts elementor-posts--skin-cards elementor-grid\" role=\"list\">\n\t\t\t\t<article class=\"elementor-post elementor-grid-item post-38440 post type-post status-publish format-standard has-post-thumbnail hentry category-online-satis category-online-satis-tr\" role=\"listitem\">\n\t\t\t<div class=\"elementor-post__card\">\n\t\t\t\t<a class=\"elementor-post__thumbnail__link\" href=\"https:\/\/mc.app\/tr\/toptancilar-online-ve-fiziki-magazaniza-gelen-trafigi-nasil-artirirsiniz\/\" tabindex=\"-1\" ><div class=\"elementor-post__thumbnail\"><img loading=\"lazy\" decoding=\"async\" width=\"300\" height=\"200\" src=\"https:\/\/mc.app\/wp-content\/uploads\/2023\/10\/professionnels-regarder-graphique-dans-bureau-300x200.png\" class=\"attachment-medium size-medium wp-image-38247\" alt=\"\" srcset=\"https:\/\/mc.app\/wp-content\/uploads\/2023\/10\/professionnels-regarder-graphique-dans-bureau-300x200.png 300w, https:\/\/mc.app\/wp-content\/uploads\/2023\/10\/professionnels-regarder-graphique-dans-bureau.png 600w\" sizes=\"auto, (max-width: 300px) 100vw, 300px\" \/><\/div><\/a>\n\t\t\t\t<div class=\"elementor-post__text\">\n\t\t\t\t<h3 class=\"elementor-post__title\">\n\t\t\t<a href=\"https:\/\/mc.app\/tr\/toptancilar-online-ve-fiziki-magazaniza-gelen-trafigi-nasil-artirirsiniz\/\" >\n\t\t\t\tToptanc\u0131lar: Online ve Fiziki Ma\u011fazan\u0131za Gelen Trafi\u011fi Nas\u0131l Art\u0131r\u0131rs\u0131n\u0131z?\t\t\t<\/a>\n\t\t<\/h3>\n\t\t\t\t<div class=\"elementor-post__excerpt\">\n\t\t\t<p>Toptanc\u0131lar: Online ve Fiziki Ma\u011fazan\u0131za Gelen Trafi\u011fi Nas\u0131l Art\u0131r\u0131rs\u0131n\u0131z? \u00c7ok say\u0131da perakendeciyi ma\u011fazan\u0131za ve online buti\u011finize \u00e7ekmek, toptan moda i\u015finizin ba\u015far\u0131s\u0131 i\u00e7in \u00e7ok \u00f6nemlidir. Bir<\/p>\n\t\t<\/div>\n\t\t\t\t\t<div class=\"elementor-post__read-more-wrapper\">\n\t\t\n\t\t<a class=\"elementor-post__read-more\" href=\"https:\/\/mc.app\/tr\/toptancilar-online-ve-fiziki-magazaniza-gelen-trafigi-nasil-artirirsiniz\/\" aria-label=\"Read more about Toptanc\u0131lar: Online ve Fiziki Ma\u011fazan\u0131za Gelen Trafi\u011fi Nas\u0131l Art\u0131r\u0131rs\u0131n\u0131z?\" tabindex=\"-1\" >\n\t\t\tDevam\u0131n\u0131 oku\t\t<\/a>\n\n\t\t\t\t\t<\/div>\n\t\t\t\t<\/div>\n\t\t\t\t\t<\/div>\n\t\t<\/article>\n\t\t\t\t<article class=\"elementor-post elementor-grid-item post-38452 post type-post status-publish format-standard has-post-thumbnail hentry category-online-satis category-online-satis-tr\" role=\"listitem\">\n\t\t\t<div class=\"elementor-post__card\">\n\t\t\t\t<a class=\"elementor-post__thumbnail__link\" href=\"https:\/\/mc.app\/tr\/moda-toptancilari-sosyal-medya-neden-ve-nasil-kullanilmali\/\" tabindex=\"-1\" ><div class=\"elementor-post__thumbnail\"><img loading=\"lazy\" decoding=\"async\" width=\"300\" height=\"200\" src=\"https:\/\/mc.app\/wp-content\/uploads\/2023\/09\/Illu_ART2-1-300x200.png\" class=\"attachment-medium size-medium wp-image-38011\" alt=\"Comment les grossistes peuvent tirer parti des r\u00e9seaux sociaux\" srcset=\"https:\/\/mc.app\/wp-content\/uploads\/2023\/09\/Illu_ART2-1-300x200.png 300w, https:\/\/mc.app\/wp-content\/uploads\/2023\/09\/Illu_ART2-1.png 600w\" sizes=\"auto, (max-width: 300px) 100vw, 300px\" \/><\/div><\/a>\n\t\t\t\t<div class=\"elementor-post__text\">\n\t\t\t\t<h3 class=\"elementor-post__title\">\n\t\t\t<a href=\"https:\/\/mc.app\/tr\/moda-toptancilari-sosyal-medya-neden-ve-nasil-kullanilmali\/\" >\n\t\t\t\tModa Toptanc\u0131lar\u0131: Sosyal Medya Neden ve Nas\u0131l Kullan\u0131lmal\u0131?\t\t\t<\/a>\n\t\t<\/h3>\n\t\t\t\t<div class=\"elementor-post__excerpt\">\n\t\t\t<p>Moda Toptanc\u0131lar\u0131: Sosyal Medya Neden ve Nas\u0131l Kullan\u0131lmal\u0131? \u00c0Moda toptanc\u0131l\u0131\u011f\u0131n\u0131n h\u0131zl\u0131 tempolu d\u00fcnyas\u0131nda, trendlerin \u00f6n saflar\u0131nda yer alma ve ilgili bir kitleye ula\u015fma yetene\u011fi \u00e7ok<\/p>\n\t\t<\/div>\n\t\t\t\t\t<div class=\"elementor-post__read-more-wrapper\">\n\t\t\n\t\t<a class=\"elementor-post__read-more\" href=\"https:\/\/mc.app\/tr\/moda-toptancilari-sosyal-medya-neden-ve-nasil-kullanilmali\/\" aria-label=\"Read more about Moda Toptanc\u0131lar\u0131: Sosyal Medya Neden ve Nas\u0131l Kullan\u0131lmal\u0131?\" tabindex=\"-1\" >\n\t\t\tDevam\u0131n\u0131 oku\t\t<\/a>\n\n\t\t\t\t\t<\/div>\n\t\t\t\t<\/div>\n\t\t\t\t\t<\/div>\n\t\t<\/article>\n\t\t\t\t<article class=\"elementor-post elementor-grid-item post-37498 post type-post status-publish format-standard has-post-thumbnail hentry category-online-satis category-online-satis-tr category-toptan-satis-sorunlari\" role=\"listitem\">\n\t\t\t<div class=\"elementor-post__card\">\n\t\t\t\t<a class=\"elementor-post__thumbnail__link\" href=\"https:\/\/mc.app\/tr\/2023un-sonlarinda-izlenmesi-gereken-toptan-satis-trendleri\/\" tabindex=\"-1\" ><div class=\"elementor-post__thumbnail\"><img loading=\"lazy\" decoding=\"async\" width=\"300\" height=\"246\" src=\"https:\/\/mc.app\/wp-content\/uploads\/2023\/09\/IllusArticle1_Septembre2023-02-300x246.png\" class=\"attachment-medium size-medium wp-image-37477\" alt=\"\" srcset=\"https:\/\/mc.app\/wp-content\/uploads\/2023\/09\/IllusArticle1_Septembre2023-02-300x246.png 300w, https:\/\/mc.app\/wp-content\/uploads\/2023\/09\/IllusArticle1_Septembre2023-02-1024x839.png 1024w, https:\/\/mc.app\/wp-content\/uploads\/2023\/09\/IllusArticle1_Septembre2023-02-768x629.png 768w, https:\/\/mc.app\/wp-content\/uploads\/2023\/09\/IllusArticle1_Septembre2023-02-1536x1258.png 1536w, https:\/\/mc.app\/wp-content\/uploads\/2023\/09\/IllusArticle1_Septembre2023-02-2048x1677.png 2048w, https:\/\/mc.app\/wp-content\/uploads\/2023\/09\/IllusArticle1_Septembre2023-02-1200x983.png 1200w, https:\/\/mc.app\/wp-content\/uploads\/2023\/09\/IllusArticle1_Septembre2023-02-1980x1621.png 1980w\" sizes=\"auto, (max-width: 300px) 100vw, 300px\" \/><\/div><\/a>\n\t\t\t\t<div class=\"elementor-post__text\">\n\t\t\t\t<h3 class=\"elementor-post__title\">\n\t\t\t<a href=\"https:\/\/mc.app\/tr\/2023un-sonlarinda-izlenmesi-gereken-toptan-satis-trendleri\/\" >\n\t\t\t\t2023&#8217;\u00fcn Sonlar\u0131nda \u0130zlenmesi Gereken Toptan Sat\u0131\u015f Trendleri\t\t\t<\/a>\n\t\t<\/h3>\n\t\t\t\t<div class=\"elementor-post__excerpt\">\n\t\t\t<p>2023&#8217;\u00fcn Sonlar\u0131nda \u0130zlenmesi Gereken Toptan Sat\u0131\u015f Trendleri Toptan sat\u0131\u015f sekt\u00f6r\u00fc, dijital devrimin h\u0131z\u0131na ayak uydurarak h\u0131zl\u0131 bir d\u00f6n\u00fc\u015f\u00fcm ge\u00e7iriyor. Shein gibi dijital \u00f6ncelikli markalar oyunu<\/p>\n\t\t<\/div>\n\t\t\t\t\t<div class=\"elementor-post__read-more-wrapper\">\n\t\t\n\t\t<a class=\"elementor-post__read-more\" href=\"https:\/\/mc.app\/tr\/2023un-sonlarinda-izlenmesi-gereken-toptan-satis-trendleri\/\" aria-label=\"Read more about 2023&#8217;\u00fcn Sonlar\u0131nda \u0130zlenmesi Gereken Toptan Sat\u0131\u015f Trendleri\" tabindex=\"-1\" >\n\t\t\tDevam\u0131n\u0131 oku\t\t<\/a>\n\n\t\t\t\t\t<\/div>\n\t\t\t\t<\/div>\n\t\t\t\t\t<\/div>\n\t\t<\/article>\n\t\t\t\t<\/div>\n\t\t\n\t\t\t\t\t\t<\/div>\n\t\t\t\t<\/div>\n\t\t\t\t\t<\/div>\n\t\t<\/div>\n\t\t\t\t\t<\/div>\n\t\t<\/section>\n\t\t\t\t<\/div>\n\t\t<\/div>\n\t\t\t\t\t\t<\/div>\n\t\t\t\t<\/div>\n\t\t\t\t\t<\/div>\n\t\t\t\t<\/div>\n\t\t\t\t<\/div>\n\t\t","protected":false},"excerpt":{"rendered":"","protected":false},"author":4,"featured_media":0,"parent":0,"menu_order":0,"comment_status":"closed","ping_status":"closed","template":"","meta":{"footnotes":""},"class_list":["post-33179","page","type-page","status-publish","hentry"],"yoast_head":"<!-- This site is optimized with the Yoast SEO plugin v26.2 - https:\/\/yoast.com\/wordpress\/plugins\/seo\/ -->\n<title>thank you - MCAPP - MicroStore<\/title>\n<meta name=\"robots\" content=\"noindex, nofollow\" \/>\n<meta property=\"og:locale\" content=\"tr_TR\" \/>\n<meta property=\"og:type\" content=\"article\" \/>\n<meta property=\"og:title\" content=\"thank you - MCAPP - MicroStore\" \/>\n<meta property=\"og:url\" content=\"https:\/\/mc.app\/thank-you\/\" \/>\n<meta property=\"og:site_name\" content=\"MCAPP - MicroStore\" \/>\n<meta property=\"article:publisher\" content=\"https:\/\/www.facebook.com\/microstoreapp\" \/>\n<meta property=\"article:modified_time\" content=\"2024-10-11T16:28:53+00:00\" \/>\n<meta name=\"twitter:card\" content=\"summary_large_image\" \/>\n<meta name=\"twitter:site\" content=\"@efolix\" \/>\n<script type=\"application\/ld+json\" class=\"yoast-schema-graph\">{\"@context\":\"https:\/\/schema.org\",\"@graph\":[{\"@type\":\"WebPage\",\"@id\":\"https:\/\/mc.app\/thank-you\/\",\"url\":\"https:\/\/mc.app\/thank-you\/\",\"name\":\"thank you - MCAPP - MicroStore\",\"isPartOf\":{\"@id\":\"https:\/\/mc.app\/#website\"},\"datePublished\":\"2023-02-08T08:58:54+00:00\",\"dateModified\":\"2024-10-11T16:28:53+00:00\",\"breadcrumb\":{\"@id\":\"https:\/\/mc.app\/thank-you\/#breadcrumb\"},\"inLanguage\":\"tr\",\"potentialAction\":[{\"@type\":\"ReadAction\",\"target\":[\"https:\/\/mc.app\/thank-you\/\"]}]},{\"@type\":\"BreadcrumbList\",\"@id\":\"https:\/\/mc.app\/thank-you\/#breadcrumb\",\"itemListElement\":[{\"@type\":\"ListItem\",\"position\":1,\"name\":\"Accueil\",\"item\":\"https:\/\/mc.app\/fr\/\"},{\"@type\":\"ListItem\",\"position\":2,\"name\":\"thank you\"}]},{\"@type\":\"WebSite\",\"@id\":\"https:\/\/mc.app\/#website\",\"url\":\"https:\/\/mc.app\/\",\"name\":\"MCAPP - MicroStore\",\"description\":\"Solution digitale pour les grossistes de mode\",\"publisher\":{\"@id\":\"https:\/\/mc.app\/#organization\"},\"potentialAction\":[{\"@type\":\"SearchAction\",\"target\":{\"@type\":\"EntryPoint\",\"urlTemplate\":\"https:\/\/mc.app\/?s={search_term_string}\"},\"query-input\":{\"@type\":\"PropertyValueSpecification\",\"valueRequired\":true,\"valueName\":\"search_term_string\"}}],\"inLanguage\":\"tr\"},{\"@type\":\"Organization\",\"@id\":\"https:\/\/mc.app\/#organization\",\"name\":\"MCAPP - MicroStore\",\"url\":\"https:\/\/mc.app\/\",\"logo\":{\"@type\":\"ImageObject\",\"inLanguage\":\"tr\",\"@id\":\"https:\/\/mc.app\/#\/schema\/logo\/image\/\",\"url\":\"https:\/\/mc.app\/wp-content\/uploads\/2022\/09\/LOGO_130x45.svg\",\"contentUrl\":\"https:\/\/mc.app\/wp-content\/uploads\/2022\/09\/LOGO_130x45.svg\",\"width\":130,\"height\":45,\"caption\":\"MCAPP - MicroStore\"},\"image\":{\"@id\":\"https:\/\/mc.app\/#\/schema\/logo\/image\/\"},\"sameAs\":[\"https:\/\/www.facebook.com\/microstoreapp\",\"https:\/\/x.com\/efolix\",\"https:\/\/www.instagram.com\/mc.app_fr\/\"]}]}<\/script>\n<!-- \/ Yoast SEO plugin. -->","yoast_head_json":{"title":"thank you - MCAPP - MicroStore","robots":{"index":"noindex","follow":"nofollow"},"og_locale":"tr_TR","og_type":"article","og_title":"thank you - MCAPP - MicroStore","og_url":"https:\/\/mc.app\/thank-you\/","og_site_name":"MCAPP - MicroStore","article_publisher":"https:\/\/www.facebook.com\/microstoreapp","article_modified_time":"2024-10-11T16:28:53+00:00","twitter_card":"summary_large_image","twitter_site":"@efolix","schema":{"@context":"https:\/\/schema.org","@graph":[{"@type":"WebPage","@id":"https:\/\/mc.app\/thank-you\/","url":"https:\/\/mc.app\/thank-you\/","name":"thank you - MCAPP - MicroStore","isPartOf":{"@id":"https:\/\/mc.app\/#website"},"datePublished":"2023-02-08T08:58:54+00:00","dateModified":"2024-10-11T16:28:53+00:00","breadcrumb":{"@id":"https:\/\/mc.app\/thank-you\/#breadcrumb"},"inLanguage":"tr","potentialAction":[{"@type":"ReadAction","target":["https:\/\/mc.app\/thank-you\/"]}]},{"@type":"BreadcrumbList","@id":"https:\/\/mc.app\/thank-you\/#breadcrumb","itemListElement":[{"@type":"ListItem","position":1,"name":"Accueil","item":"https:\/\/mc.app\/fr\/"},{"@type":"ListItem","position":2,"name":"thank you"}]},{"@type":"WebSite","@id":"https:\/\/mc.app\/#website","url":"https:\/\/mc.app\/","name":"MCAPP - MicroStore","description":"Solution digitale pour les grossistes de mode","publisher":{"@id":"https:\/\/mc.app\/#organization"},"potentialAction":[{"@type":"SearchAction","target":{"@type":"EntryPoint","urlTemplate":"https:\/\/mc.app\/?s={search_term_string}"},"query-input":{"@type":"PropertyValueSpecification","valueRequired":true,"valueName":"search_term_string"}}],"inLanguage":"tr"},{"@type":"Organization","@id":"https:\/\/mc.app\/#organization","name":"MCAPP - MicroStore","url":"https:\/\/mc.app\/","logo":{"@type":"ImageObject","inLanguage":"tr","@id":"https:\/\/mc.app\/#\/schema\/logo\/image\/","url":"https:\/\/mc.app\/wp-content\/uploads\/2022\/09\/LOGO_130x45.svg","contentUrl":"https:\/\/mc.app\/wp-content\/uploads\/2022\/09\/LOGO_130x45.svg","width":130,"height":45,"caption":"MCAPP - MicroStore"},"image":{"@id":"https:\/\/mc.app\/#\/schema\/logo\/image\/"},"sameAs":["https:\/\/www.facebook.com\/microstoreapp","https:\/\/x.com\/efolix","https:\/\/www.instagram.com\/mc.app_fr\/"]}]}},"_links":{"self":[{"href":"https:\/\/mc.app\/tr\/wp-json\/wp\/v2\/pages\/33179","targetHints":{"allow":["GET"]}}],"collection":[{"href":"https:\/\/mc.app\/tr\/wp-json\/wp\/v2\/pages"}],"about":[{"href":"https:\/\/mc.app\/tr\/wp-json\/wp\/v2\/types\/page"}],"author":[{"embeddable":true,"href":"https:\/\/mc.app\/tr\/wp-json\/wp\/v2\/users\/4"}],"replies":[{"embeddable":true,"href":"https:\/\/mc.app\/tr\/wp-json\/wp\/v2\/comments?post=33179"}],"version-history":[{"count":1,"href":"https:\/\/mc.app\/tr\/wp-json\/wp\/v2\/pages\/33179\/revisions"}],"predecessor-version":[{"id":43743,"href":"https:\/\/mc.app\/tr\/wp-json\/wp\/v2\/pages\/33179\/revisions\/43743"}],"wp:attachment":[{"href":"https:\/\/mc.app\/tr\/wp-json\/wp\/v2\/media?parent=33179"}],"curies":[{"name":"wp","href":"https:\/\/api.w.org\/{rel}","templated":true}]}}