{"id":31666,"date":"2022-09-06T16:27:11","date_gmt":"2022-09-06T14:27:11","guid":{"rendered":"https:\/\/mc.app\/mentions-legales\/"},"modified":"2024-10-11T17:50:49","modified_gmt":"2024-10-11T15:50:49","slug":"mentions-legales","status":"publish","type":"page","link":"https:\/\/mc.app\/tr\/mentions-legales\/","title":{"rendered":"Mentions l\u00e9gales"},"content":{"rendered":"\t\t<div data-elementor-type=\"wp-page\" data-elementor-id=\"31666\" class=\"elementor elementor-31666 elementor-1586\" data-elementor-post-type=\"page\">\n\t\t\t\t<div class=\"elementor-element elementor-element-1c899b0 e-flex e-con-boxed e-con e-parent\" data-id=\"1c899b0\" data-element_type=\"container\">\n\t\t\t\t\t<div class=\"e-con-inner\">\n\t\t\t\t<div class=\"elementor-element elementor-element-4f9d856 elementor-widget elementor-widget-heading\" data-id=\"4f9d856\" data-element_type=\"widget\" data-widget_type=\"heading.default\">\n\t\t\t\t<div class=\"elementor-widget-container\">\n\t\t\t\t\t<h1 class=\"elementor-heading-title elementor-size-default\">Yasal Uyar\u0131lar<\/h1>\t\t\t\t<\/div>\n\t\t\t\t<\/div>\n\t\t\t\t<div class=\"elementor-element elementor-element-21ecb51 elementor-widget elementor-widget-text-editor\" data-id=\"21ecb51\" data-element_type=\"widget\" data-widget_type=\"text-editor.default\">\n\t\t\t\t<div class=\"elementor-widget-container\">\n\t\t\t\t\t\t\t\t\t<h3><a href=\"http:\/\/www.mc.app\" target=\"_new\" rel=\"noopener\">www.mc.app<\/a> Web Sitesinin Yasal Uyar\u0131lar\u0131<\/h3>\n<p><strong>1. Sahiplik Bilgileri<\/strong><br \/>\n<a href=\"http:\/\/www.mc.app\" target=\"_new\" rel=\"noopener\">www.mc.app<\/a> web sitesi, 5 Rue Dr Herr, 96 048 L\u00fcksemburg adresinde bulunan EFOLIX \u015firketine aittir.<br \/>\nEFOLIX, L\u00fcksemburg Ticaret Sicili&#8217;nde B154-324 numaras\u0131yla kay\u0131tl\u0131d\u0131r ve KDV numaras\u0131 LU: LU24132344\u2019t\u00fcr.<br \/>\nYay\u0131n sorumlusudur: Bin GUO.<br \/>\n<a href=\"http:\/\/www.mc.app\" target=\"_new\" rel=\"noopener\">www.mc.app<\/a> web sitesi, EFOLIX \u015firketi taraf\u0131ndan tasarlanm\u0131\u015f ve y\u00f6netilmektedir.<\/p>\n<hr \/>\n<p><strong>2. Site ve Hizmetlerin Kullan\u0131m \u015eartlar\u0131<\/strong><br \/>\n<a href=\"http:\/\/www.mc.app\" target=\"_new\" rel=\"noopener\">www.mc.app<\/a> web sitesinin kullan\u0131m\u0131, a\u015fa\u011f\u0131da tan\u0131mlanan genel kullan\u0131m ko\u015fullar\u0131n\u0131n tam olarak kabul\u00fcn\u00fc gerektirir. Bu kullan\u0131m ko\u015fullar\u0131 her an de\u011fi\u015ftirilebilir veya tamamlanabilir; bu nedenle, <a href=\"http:\/\/www.mc.app\" target=\"_new\" rel=\"noopener\">www.mc.app<\/a> kullan\u0131c\u0131lar\u0131n\u0131n bunlar\u0131 d\u00fczenli olarak g\u00f6zden ge\u00e7irmeleri \u00f6nerilmektedir.<br \/>\nBu site, kullan\u0131c\u0131lara her zaman eri\u015filebilir olmal\u0131d\u0131r. Ancak, teknik bak\u0131m amac\u0131yla bir kesinti yap\u0131lmas\u0131 gerekti\u011finde, eFolix \u00f6nceden kullan\u0131c\u0131lara m\u00fcdahale tarihleri ve saatleri hakk\u0131nda bilgi vermeye \u00e7al\u0131\u015facakt\u0131r.<br \/>\n<a href=\"http:\/\/www.mc.app\" target=\"_new\" rel=\"noopener\">www.mc.app<\/a> web sitesi, eFolix taraf\u0131ndan d\u00fczenli olarak g\u00fcncellenmektedir. Ayn\u0131 \u015fekilde, yasal uyar\u0131lar da her an de\u011fi\u015ftirilebilir; ancak, kullan\u0131c\u0131lar bu de\u011fi\u015fiklikleri en s\u0131k \u015fekilde g\u00f6zden ge\u00e7irmeleri gerekti\u011fi belirtilmi\u015ftir.<\/p>\n<hr \/>\n<p><strong>3. Sunulan Hizmetlerin Tan\u0131m\u0131<\/strong><br \/>\n<a href=\"http:\/\/www.mc.app\" target=\"_new\" rel=\"noopener\">www.mc.app<\/a> web sitesi, \u015firketin t\u00fcm faaliyetleri hakk\u0131nda bilgi sa\u011flamay\u0131 ama\u00e7lamaktad\u0131r.<br \/>\neFolix, <a href=\"http:\/\/www.mc.app\" target=\"_new\" rel=\"noopener\">www.mc.app<\/a> web sitesinde m\u00fcmk\u00fcn oldu\u011funca do\u011fru bilgi vermeye \u00e7al\u0131\u015fmaktad\u0131r. Ancak, hatalar, eksiklikler veya g\u00fcncellemelerle ilgili sorumluluk kabul etmez; bu durum, hem kendi hatas\u0131 hem de bu bilgileri sa\u011flayan \u00fc\u00e7\u00fcnc\u00fc taraflar\u0131n hatalar\u0131ndan kaynaklanabilir.<br \/>\n<a href=\"http:\/\/www.mc.app\" target=\"_new\" rel=\"noopener\">www.mc.app<\/a> web sitesinde belirtilen t\u00fcm bilgiler bilgilendirme amac\u0131yla verilmekte olup, de\u011fi\u015fiklik g\u00f6stermesi m\u00fcmk\u00fcnd\u00fcr. Ayr\u0131ca, <a href=\"http:\/\/www.mc.app\" target=\"_new\" rel=\"noopener\">www.mc.app<\/a> web sitesinde yer alan bilgiler eksiksiz de\u011fildir. Bu bilgiler, \u00e7evrimi\u00e7i yay\u0131nland\u0131klar\u0131ndan bu yana yap\u0131lan de\u011fi\u015fikliklere tabidir.<\/p>\n<hr \/>\n<p><strong>4. Teknik Veriler \u00dczerine S\u00f6zle\u015fmeye Dayal\u0131 S\u0131n\u0131rlamalar<\/strong><br \/>\nSite, JavaScript teknolojisini kullanmaktad\u0131r.<br \/>\nBu web sitesi, kullan\u0131m s\u0131ras\u0131nda olu\u015fabilecek maddi hasarlarla ilgili sorumluluk kabul etmeyecektir. Ayr\u0131ca, site kullan\u0131c\u0131s\u0131, siteye eri\u015firken g\u00fcncel bir cihaz kullanmay\u0131, vir\u00fcs i\u00e7ermemesini ve en son g\u00fcncellemeleri yap\u0131lm\u0131\u015f bir taray\u0131c\u0131 kullanmay\u0131 kabul eder.<\/p>\n<hr \/>\n<p><strong>5. Fikri M\u00fclkiyet ve \u0130hlaller<\/strong><br \/>\neFolix, web sitesinde eri\u015filebilen t\u00fcm unsurlar\u0131n fikri m\u00fclkiyet haklar\u0131na sahiptir veya kullan\u0131m haklar\u0131n\u0131 elinde bulundurmaktad\u0131r; bu unsurlar aras\u0131nda metinler, g\u00f6r\u00fcnt\u00fcler, grafikler, logolar, simgeler, sesler ve yaz\u0131l\u0131mlar bulunmaktad\u0131r.<br \/>\nSitedeki unsurlar\u0131n tamam\u0131n\u0131n veya bir k\u0131sm\u0131n\u0131n, kullan\u0131lan y\u00f6ntem veya i\u015flem ne olursa olsun, izinsiz olarak \u00e7o\u011falt\u0131lmas\u0131, temsil edilmesi, de\u011fi\u015ftirilmesi, yay\u0131mlanmas\u0131 veya uyarlanmas\u0131 yasakt\u0131r; bunun i\u00e7in eFolix&#8217;ten yaz\u0131l\u0131 \u00f6n onay al\u0131nmas\u0131 gerekmektedir.<br \/>\nSitedeki herhangi bir unsuru izinsiz kullanmak, bir fikri m\u00fclkiyet ihlali olarak kabul edilecek ve Fikri M\u00fclkiyet Kanunu h\u00fck\u00fcmlerine g\u00f6re kovu\u015fturulacakt\u0131r.<\/p>\n<hr \/>\n<p><strong>6. Sorumluluk S\u0131n\u0131rlamalar\u0131<\/strong><br \/>\neFolix, <a href=\"http:\/\/www.mc.app\" target=\"_new\" rel=\"noopener\">www.mc.app<\/a> web sitesine eri\u015fim s\u0131ras\u0131nda kullan\u0131c\u0131n\u0131n cihaz\u0131na verilen do\u011frudan veya dolayl\u0131 zararlar i\u00e7in sorumlu tutulamaz; bu zararlar, ya belirtilen 3. maddede belirtilen gereksinimlere uymayan bir cihaz\u0131n kullan\u0131lmas\u0131 ya da bir hata veya uyumsuzluktan kaynaklan\u0131yorsa olu\u015fabilir.<br \/>\nKullan\u0131c\u0131lar i\u00e7in etkile\u015fimli alanlar (ileti\u015fim alan\u0131nda soru sorma imkan\u0131) mevcuttur. eFolix, bu alanlarda yer alan ve L\u00fcksemburg&#8217;daki ge\u00e7erli yasalar\u0131 ihlal eden herhangi bir i\u00e7eri\u011fi \u00f6nceden bildirimde bulunmaks\u0131z\u0131n silme hakk\u0131n\u0131 sakl\u0131 tutar; \u00f6zellikle, veri koruma h\u00fck\u00fcmleri. Gerekirse, eFolix, kullan\u0131c\u0131lar\u0131n sivil ve\/veya ceza sorumlulu\u011funu da \u00f6ne s\u00fcrebilir; \u00f6zellikle \u0131rk\u00e7\u0131, hakaret i\u00e7eren veya iftira niteli\u011finde mesajlar s\u00f6z konusu oldu\u011funda, kullan\u0131lan medya ne olursa olsun.<\/p>\n<hr \/>\n<p><strong>7. Ki\u015fisel Verilerin Y\u00f6netimi<\/strong><br \/>\nKi\u015fisel veriler, \u00f6zellikle 24 Ekim 1995 tarihli Avrupa Direktifi ile korunmaktad\u0131r.<br \/>\n<a href=\"http:\/\/www.mc.app\" target=\"_new\" rel=\"noopener\">www.mc.app<\/a> web sitesinin kullan\u0131m\u0131 s\u0131ras\u0131nda, kullan\u0131c\u0131n\u0131n eri\u015fti\u011fi URL, kullan\u0131c\u0131n\u0131n internet servis sa\u011flay\u0131c\u0131s\u0131 ve kullan\u0131c\u0131n\u0131n IP adresi gibi bilgiler toplanabilir.<br \/>\nHer hal\u00fckarda, eFolix, sadece <a href=\"http:\/\/www.mc.app\" target=\"_new\" rel=\"noopener\">www.mc.app<\/a> web sitesinde sunulan baz\u0131 hizmetler i\u00e7in kullan\u0131c\u0131n\u0131n ki\u015fisel bilgilerini toplar. Kullan\u0131c\u0131, bu bilgileri kendi iradesiyle, \u00f6zellikle kendisiyle girerken sa\u011flar. Kullan\u0131c\u0131ya, bu bilgilerin sa\u011flanmas\u0131n\u0131n zorunlu olup olmad\u0131\u011f\u0131 belirtilir.<br \/>\nKi\u015fisel verilerle ilgili yasalar gere\u011fi, her kullan\u0131c\u0131, ki\u015fisel verileriyle ilgili eri\u015fim, d\u00fczeltme ve itiraz haklar\u0131na sahiptir; talebini yaz\u0131l\u0131 ve imzal\u0131 olarak, imzal\u0131 kimlik belgesi ile birlikte, yan\u0131t\u0131n g\u00f6nderilece\u011fi adresi belirterek yapmal\u0131d\u0131r.<br \/>\n<a href=\"http:\/\/www.mc.app\" target=\"_new\" rel=\"noopener\">www.mc.app<\/a> web sitesinin kullan\u0131c\u0131lar\u0131ndan hi\u00e7bir ki\u015fisel bilgi, kullan\u0131c\u0131n\u0131n r\u0131zas\u0131 olmadan yay\u0131nlanmayacak, payla\u015f\u0131lmayacak, transfer edilmeyecek veya herhangi bir medya arac\u0131l\u0131\u011f\u0131yla \u00fc\u00e7\u00fcnc\u00fc taraflara sat\u0131lmayacakt\u0131r. Sadece eFolix\u2019in devri durumunda, bu bilgilerin potansiyel al\u0131c\u0131ya iletilmesi s\u00f6z konusu olabilir ve bu al\u0131c\u0131 da kullan\u0131c\u0131ya y\u00f6nelik verilerin saklanmas\u0131 ve de\u011fi\u015ftirilmesi y\u00fck\u00fcml\u00fcl\u00fc\u011f\u00fcne tabi olacakt\u0131r.<\/p>\n<hr \/>\n<p><strong>8. Ba\u011flant\u0131lar ve \u00c7erezler<\/strong><br \/>\n<a href=\"http:\/\/www.mc.app\" target=\"_new\" rel=\"noopener\">www.mc.app<\/a> web sitesi, eFolix\u2019in izniyle ba\u015fka sitelere y\u00f6nlendiren bir\u00e7ok hiper ba\u011flant\u0131 i\u00e7ermektedir. Ancak, eFolix, ziyaret edilen sitelerin i\u00e7eri\u011fini kontrol etme imkan\u0131na sahip de\u011fildir ve bu nedenle herhangi bir sorumluluk \u00fcstlenmeyecektir.<br \/>\n<a href=\"http:\/\/www.mc.app\" target=\"_new\" rel=\"noopener\">www.mc.app<\/a> web sitesinde gezinmek, kullan\u0131c\u0131n\u0131n bilgisayar\u0131na \u00e7erezlerin y\u00fcklenmesine neden olabilir. \u00c7erez, kullan\u0131c\u0131n\u0131n kimli\u011fini belirlemeyen k\u00fc\u00e7\u00fck bir dosyad\u0131r; ancak, bir bilgisayar\u0131n bir site \u00fczerindeki gezinmesine ili\u015fkin bilgileri kaydeder. Elde edilen veriler, sonraki gezinmeyi kolayla\u015ft\u0131rmay\u0131 ama\u00e7lamakta olup, ayr\u0131ca \u00e7e\u015fitli ziyaret\u00e7i \u00f6l\u00e7\u00fcmleri i\u00e7in de kullan\u0131lmaktad\u0131r.<br \/>\n\u00c7erezlerin y\u00fcklenmesini reddetmek, baz\u0131 hizmetlere eri\u015fim imk\u00e2n\u0131n\u0131 engelleyebilir. Ancak kullan\u0131c\u0131, a\u015fa\u011f\u0131daki \u015fekilde bilgisayar\u0131n\u0131 \u00e7erez y\u00fcklemeyi reddetmek i\u00e7in yap\u0131land\u0131rabilir:<br \/>\n<strong>Internet Explorer<\/strong>: Ara\u00e7 sekmesi (sa\u011f \u00fcstteki di\u015fli simgesi) \/ \u0130nternet se\u00e7enekleri. Gizlilik sekmesine t\u0131klay\u0131n ve T\u00fcm \u00e7erezleri engellemeyi se\u00e7in. Tamam\u2019a t\u0131klay\u0131n.<br \/>\n<strong>Firefox<\/strong>: Taray\u0131c\u0131 penceresinin \u00fcst k\u0131sm\u0131nda Firefox d\u00fc\u011fmesine t\u0131klay\u0131n, ard\u0131ndan Se\u00e7enekler sekmesine gidin. Gizlilik sekmesine t\u0131klay\u0131n. Saklama Kurallar\u0131n\u0131, ge\u00e7mi\u015f i\u00e7in \u00f6zel ayarlar\u0131 kullanacak \u015fekilde ayarlay\u0131n. Son olarak, \u00e7erezleri devre d\u0131\u015f\u0131 b\u0131rakmak i\u00e7in kutucu\u011fu i\u015faretleyin.<br \/>\n<strong>Safari<\/strong>: Taray\u0131c\u0131n\u0131n sa\u011f \u00fcst k\u0131sm\u0131nda men\u00fc simgesine (di\u015fli ile sembolize edilir) t\u0131klay\u0131n. Ayarlar\u2019\u0131 se\u00e7in. Geli\u015fmi\u015f ayarlar\u0131 g\u00f6r\u00fcnt\u00fcleyin. \u201cGizlilik\u201d b\u00f6l\u00fcm\u00fcnde, \u0130\u00e7erik ayarlar\u0131 t\u0131klay\u0131n. \u201c\u00c7erezler\u201d b\u00f6l\u00fcm\u00fcnde \u00e7erezleri engelleyebilirsiniz.<br \/>\n<strong>Chrome<\/strong>: Taray\u0131c\u0131n\u0131n sa\u011f \u00fcst k\u0131sm\u0131nda men\u00fc simgesine (\u00fc\u00e7 yatay \u00e7izgi ile sembolize edilir) t\u0131klay\u0131n. Ayarlar\u2019\u0131 se\u00e7in. Geli\u015fmi\u015f ayarlar\u0131 g\u00f6r\u00fcnt\u00fcleyin. \u201cGizlilik\u201d b\u00f6l\u00fcm\u00fcnde, tercihleri t\u0131klay\u0131n. \u201cGizlilik\u201d sekmesinde \u00e7erezleri engelleyebilirsiniz.<\/p>\n<hr \/>\n<p><strong>9. Haklar<\/strong><br \/>\n<a href=\"http:\/\/www.mc.app\" target=\"_new\" rel=\"noopener\">www.mc.app<\/a> web sitesinin kullan\u0131m\u0131yla ilgili her t\u00fcrl\u00fc anla\u015fmazl\u0131k, L\u00fcksemburg ve Avrupa yasalar\u0131na tabidir.<\/p>\n\t\t\t\t\t\t\t\t<\/div>\n\t\t\t\t<\/div>\n\t\t\t\t\t<\/div>\n\t\t\t\t<\/div>\n\t\t\t\t<\/div>\n\t\t","protected":false},"excerpt":{"rendered":"<p>Yasal Uyar\u0131lar www.mc.app Web Sitesinin Yasal Uyar\u0131lar\u0131 1. Sahiplik Bilgileri www.mc.app web sitesi, 5 Rue Dr Herr, 96 048 L\u00fcksemburg adresinde bulunan EFOLIX \u015firketine aittir. EFOLIX, L\u00fcksemburg Ticaret Sicili&#8217;nde B154-324 numaras\u0131yla kay\u0131tl\u0131d\u0131r ve KDV numaras\u0131 LU: LU24132344\u2019t\u00fcr. Yay\u0131n sorumlusudur: Bin GUO. www.mc.app web sitesi, EFOLIX \u015firketi taraf\u0131ndan tasarlanm\u0131\u015f ve y\u00f6netilmektedir. 2. Site ve Hizmetlerin Kullan\u0131m [&hellip;]<\/p>\n","protected":false},"author":4,"featured_media":0,"parent":0,"menu_order":0,"comment_status":"closed","ping_status":"closed","template":"elementor_header_footer","meta":{"footnotes":""},"class_list":["post-31666","page","type-page","status-publish","hentry"],"yoast_head":"<!-- This site is optimized with the Yoast SEO plugin v26.2 - https:\/\/yoast.com\/wordpress\/plugins\/seo\/ -->\n<title>Mentions l\u00e9gales - MCAPP - MicroStore<\/title>\n<meta name=\"robots\" content=\"noindex, nofollow\" \/>\n<meta property=\"og:locale\" content=\"tr_TR\" \/>\n<meta property=\"og:type\" content=\"article\" \/>\n<meta property=\"og:title\" content=\"Mentions l\u00e9gales - MCAPP - MicroStore\" \/>\n<meta property=\"og:description\" content=\"Yasal Uyar\u0131lar www.mc.app Web Sitesinin Yasal Uyar\u0131lar\u0131 1. Sahiplik Bilgileri www.mc.app web sitesi, 5 Rue Dr Herr, 96 048 L\u00fcksemburg adresinde bulunan EFOLIX \u015firketine aittir. EFOLIX, L\u00fcksemburg Ticaret Sicili&#8217;nde B154-324 numaras\u0131yla kay\u0131tl\u0131d\u0131r ve KDV numaras\u0131 LU: LU24132344\u2019t\u00fcr. Yay\u0131n sorumlusudur: Bin GUO. www.mc.app web sitesi, EFOLIX \u015firketi taraf\u0131ndan tasarlanm\u0131\u015f ve y\u00f6netilmektedir. 2. Site ve Hizmetlerin Kullan\u0131m [&hellip;]\" \/>\n<meta property=\"og:url\" content=\"https:\/\/mc.app\/mentions-legales\/\" \/>\n<meta property=\"og:site_name\" content=\"MCAPP - MicroStore\" \/>\n<meta property=\"article:publisher\" content=\"https:\/\/www.facebook.com\/microstoreapp\" \/>\n<meta property=\"article:modified_time\" content=\"2024-10-11T15:50:49+00:00\" \/>\n<meta name=\"twitter:card\" content=\"summary_large_image\" \/>\n<meta name=\"twitter:site\" content=\"@efolix\" \/>\n<meta name=\"twitter:label1\" content=\"Tahmini okuma s\u00fcresi\" \/>\n\t<meta name=\"twitter:data1\" content=\"7 dakika\" \/>\n<script type=\"application\/ld+json\" class=\"yoast-schema-graph\">{\"@context\":\"https:\/\/schema.org\",\"@graph\":[{\"@type\":\"WebPage\",\"@id\":\"https:\/\/mc.app\/mentions-legales\/\",\"url\":\"https:\/\/mc.app\/mentions-legales\/\",\"name\":\"Mentions l\u00e9gales - MCAPP - MicroStore\",\"isPartOf\":{\"@id\":\"https:\/\/mc.app\/#website\"},\"datePublished\":\"2022-09-06T14:27:11+00:00\",\"dateModified\":\"2024-10-11T15:50:49+00:00\",\"breadcrumb\":{\"@id\":\"https:\/\/mc.app\/mentions-legales\/#breadcrumb\"},\"inLanguage\":\"tr\",\"potentialAction\":[{\"@type\":\"ReadAction\",\"target\":[\"https:\/\/mc.app\/mentions-legales\/\"]}]},{\"@type\":\"BreadcrumbList\",\"@id\":\"https:\/\/mc.app\/mentions-legales\/#breadcrumb\",\"itemListElement\":[{\"@type\":\"ListItem\",\"position\":1,\"name\":\"Accueil\",\"item\":\"https:\/\/mc.app\/fr\/\"},{\"@type\":\"ListItem\",\"position\":2,\"name\":\"Mentions l\u00e9gales\"}]},{\"@type\":\"WebSite\",\"@id\":\"https:\/\/mc.app\/#website\",\"url\":\"https:\/\/mc.app\/\",\"name\":\"MCAPP - MicroStore\",\"description\":\"Solution digitale pour les grossistes de mode\",\"publisher\":{\"@id\":\"https:\/\/mc.app\/#organization\"},\"potentialAction\":[{\"@type\":\"SearchAction\",\"target\":{\"@type\":\"EntryPoint\",\"urlTemplate\":\"https:\/\/mc.app\/?s={search_term_string}\"},\"query-input\":{\"@type\":\"PropertyValueSpecification\",\"valueRequired\":true,\"valueName\":\"search_term_string\"}}],\"inLanguage\":\"tr\"},{\"@type\":\"Organization\",\"@id\":\"https:\/\/mc.app\/#organization\",\"name\":\"MCAPP - MicroStore\",\"url\":\"https:\/\/mc.app\/\",\"logo\":{\"@type\":\"ImageObject\",\"inLanguage\":\"tr\",\"@id\":\"https:\/\/mc.app\/#\/schema\/logo\/image\/\",\"url\":\"https:\/\/mc.app\/wp-content\/uploads\/2022\/09\/LOGO_130x45.svg\",\"contentUrl\":\"https:\/\/mc.app\/wp-content\/uploads\/2022\/09\/LOGO_130x45.svg\",\"width\":130,\"height\":45,\"caption\":\"MCAPP - MicroStore\"},\"image\":{\"@id\":\"https:\/\/mc.app\/#\/schema\/logo\/image\/\"},\"sameAs\":[\"https:\/\/www.facebook.com\/microstoreapp\",\"https:\/\/x.com\/efolix\",\"https:\/\/www.instagram.com\/mc.app_fr\/\"]}]}<\/script>\n<!-- \/ Yoast SEO plugin. -->","yoast_head_json":{"title":"Mentions l\u00e9gales - MCAPP - MicroStore","robots":{"index":"noindex","follow":"nofollow"},"og_locale":"tr_TR","og_type":"article","og_title":"Mentions l\u00e9gales - MCAPP - MicroStore","og_description":"Yasal Uyar\u0131lar www.mc.app Web Sitesinin Yasal Uyar\u0131lar\u0131 1. Sahiplik Bilgileri www.mc.app web sitesi, 5 Rue Dr Herr, 96 048 L\u00fcksemburg adresinde bulunan EFOLIX \u015firketine aittir. EFOLIX, L\u00fcksemburg Ticaret Sicili&#8217;nde B154-324 numaras\u0131yla kay\u0131tl\u0131d\u0131r ve KDV numaras\u0131 LU: LU24132344\u2019t\u00fcr. Yay\u0131n sorumlusudur: Bin GUO. www.mc.app web sitesi, EFOLIX \u015firketi taraf\u0131ndan tasarlanm\u0131\u015f ve y\u00f6netilmektedir. 2. Site ve Hizmetlerin Kullan\u0131m [&hellip;]","og_url":"https:\/\/mc.app\/mentions-legales\/","og_site_name":"MCAPP - MicroStore","article_publisher":"https:\/\/www.facebook.com\/microstoreapp","article_modified_time":"2024-10-11T15:50:49+00:00","twitter_card":"summary_large_image","twitter_site":"@efolix","twitter_misc":{"Tahmini okuma s\u00fcresi":"7 dakika"},"schema":{"@context":"https:\/\/schema.org","@graph":[{"@type":"WebPage","@id":"https:\/\/mc.app\/mentions-legales\/","url":"https:\/\/mc.app\/mentions-legales\/","name":"Mentions l\u00e9gales - MCAPP - MicroStore","isPartOf":{"@id":"https:\/\/mc.app\/#website"},"datePublished":"2022-09-06T14:27:11+00:00","dateModified":"2024-10-11T15:50:49+00:00","breadcrumb":{"@id":"https:\/\/mc.app\/mentions-legales\/#breadcrumb"},"inLanguage":"tr","potentialAction":[{"@type":"ReadAction","target":["https:\/\/mc.app\/mentions-legales\/"]}]},{"@type":"BreadcrumbList","@id":"https:\/\/mc.app\/mentions-legales\/#breadcrumb","itemListElement":[{"@type":"ListItem","position":1,"name":"Accueil","item":"https:\/\/mc.app\/fr\/"},{"@type":"ListItem","position":2,"name":"Mentions l\u00e9gales"}]},{"@type":"WebSite","@id":"https:\/\/mc.app\/#website","url":"https:\/\/mc.app\/","name":"MCAPP - MicroStore","description":"Solution digitale pour les grossistes de mode","publisher":{"@id":"https:\/\/mc.app\/#organization"},"potentialAction":[{"@type":"SearchAction","target":{"@type":"EntryPoint","urlTemplate":"https:\/\/mc.app\/?s={search_term_string}"},"query-input":{"@type":"PropertyValueSpecification","valueRequired":true,"valueName":"search_term_string"}}],"inLanguage":"tr"},{"@type":"Organization","@id":"https:\/\/mc.app\/#organization","name":"MCAPP - MicroStore","url":"https:\/\/mc.app\/","logo":{"@type":"ImageObject","inLanguage":"tr","@id":"https:\/\/mc.app\/#\/schema\/logo\/image\/","url":"https:\/\/mc.app\/wp-content\/uploads\/2022\/09\/LOGO_130x45.svg","contentUrl":"https:\/\/mc.app\/wp-content\/uploads\/2022\/09\/LOGO_130x45.svg","width":130,"height":45,"caption":"MCAPP - MicroStore"},"image":{"@id":"https:\/\/mc.app\/#\/schema\/logo\/image\/"},"sameAs":["https:\/\/www.facebook.com\/microstoreapp","https:\/\/x.com\/efolix","https:\/\/www.instagram.com\/mc.app_fr\/"]}]}},"_links":{"self":[{"href":"https:\/\/mc.app\/tr\/wp-json\/wp\/v2\/pages\/31666","targetHints":{"allow":["GET"]}}],"collection":[{"href":"https:\/\/mc.app\/tr\/wp-json\/wp\/v2\/pages"}],"about":[{"href":"https:\/\/mc.app\/tr\/wp-json\/wp\/v2\/types\/page"}],"author":[{"embeddable":true,"href":"https:\/\/mc.app\/tr\/wp-json\/wp\/v2\/users\/4"}],"replies":[{"embeddable":true,"href":"https:\/\/mc.app\/tr\/wp-json\/wp\/v2\/comments?post=31666"}],"version-history":[{"count":4,"href":"https:\/\/mc.app\/tr\/wp-json\/wp\/v2\/pages\/31666\/revisions"}],"predecessor-version":[{"id":43722,"href":"https:\/\/mc.app\/tr\/wp-json\/wp\/v2\/pages\/31666\/revisions\/43722"}],"wp:attachment":[{"href":"https:\/\/mc.app\/tr\/wp-json\/wp\/v2\/media?parent=31666"}],"curies":[{"name":"wp","href":"https:\/\/api.w.org\/{rel}","templated":true}]}}