{"id":31660,"date":"2022-09-06T16:27:11","date_gmt":"2022-09-06T14:27:11","guid":{"rendered":"https:\/\/mc.app\/mentions-legales\/"},"modified":"2024-10-11T18:22:52","modified_gmt":"2024-10-11T16:22:52","slug":"mentions-legales","status":"publish","type":"page","link":"https:\/\/mc.app\/it\/mentions-legales\/","title":{"rendered":"Mentions l\u00e9gales"},"content":{"rendered":"\t\t<div data-elementor-type=\"wp-page\" data-elementor-id=\"31660\" class=\"elementor elementor-31660 elementor-1586\" data-elementor-post-type=\"page\">\n\t\t\t\t<div class=\"elementor-element elementor-element-1c899b0 e-flex e-con-boxed e-con e-parent\" data-id=\"1c899b0\" data-element_type=\"container\">\n\t\t\t\t\t<div class=\"e-con-inner\">\n\t\t\t\t<div class=\"elementor-element elementor-element-4f9d856 elementor-widget elementor-widget-heading\" data-id=\"4f9d856\" data-element_type=\"widget\" data-widget_type=\"heading.default\">\n\t\t\t\t<div class=\"elementor-widget-container\">\n\t\t\t\t\t<h1 class=\"elementor-heading-title elementor-size-default\">NOTE LEGALI<\/h1>\t\t\t\t<\/div>\n\t\t\t\t<\/div>\n\t\t\t\t<div class=\"elementor-element elementor-element-21ecb51 elementor-widget elementor-widget-text-editor\" data-id=\"21ecb51\" data-element_type=\"widget\" data-widget_type=\"text-editor.default\">\n\t\t\t\t<div class=\"elementor-widget-container\">\n\t\t\t\t\t\t\t\t\t<p><strong>Informazioni Legali<\/strong><\/p>\n<p>Il sito <a href=\"http:\/\/www.mc.app\" target=\"_new\" rel=\"noopener\">www.mc.app<\/a> \u00e8 di propriet\u00e0 dell&#8217;azienda EFOLIX, con sede in 5 Rue Dr Herr, 96 048 Lussemburgo.<\/p>\n<p>EFOLIX \u00e8 registrata nel Registro di Commercio del Lussemburgo con il numero B154-324 e ha il numero di partita IVA LU: LU24132344.<\/p>\n<p>Il responsabile della pubblicazione \u00e8 Bin GUO.<\/p>\n<p>Il sito <a href=\"http:\/\/www.mc.app\" target=\"_new\" rel=\"noopener\">www.mc.app<\/a> \u00e8 progettato e gestito dall&#8217;azienda EFOLIX.<\/p>\n<ol>\n<li><strong>Condizioni Generali di Utilizzo del Sito e dei Servizi Offerti<\/strong><\/li>\n<\/ol>\n<p>L&#8217;uso del sito <a href=\"http:\/\/www.mc.app\" target=\"_new\" rel=\"noopener\">www.mc.app<\/a> implica l&#8217;accettazione piena e completa delle condizioni generali di utilizzo di seguito descritte. Queste condizioni di utilizzo possono essere modificate o integrate in qualsiasi momento; pertanto, gli utenti del sito <a href=\"http:\/\/www.mc.app\" target=\"_new\" rel=\"noopener\">www.mc.app<\/a> sono invitati a consultarle regolarmente.<\/p>\n<p>Questo sito \u00e8 normalmente accessibile in qualsiasi momento dagli utenti. Tuttavia, un&#8217;interruzione per motivi di manutenzione tecnica pu\u00f2 essere decisa da eFolix, che si impegner\u00e0 a comunicare in anticipo agli utenti le date e gli orari dell&#8217;intervento.<\/p>\n<p>Il sito <a href=\"http:\/\/www.mc.app\" target=\"_new\" rel=\"noopener\">www.mc.app<\/a> \u00e8 aggiornato regolarmente da eFolix. Allo stesso modo, le informazioni legali possono essere modificate in qualsiasi momento: esse rimangono vincolanti per l&#8217;utente, che \u00e8 invitato a farvi riferimento il pi\u00f9 spesso possibile per prenderne conoscenza.<\/p>\n<ol start=\"2\">\n<li><strong>Descrizione dei Servizi Forniti<\/strong><\/li>\n<\/ol>\n<p>Lo scopo del sito <a href=\"http:\/\/www.mc.app\" target=\"_new\" rel=\"noopener\">www.mc.app<\/a> \u00e8 fornire informazioni riguardo a tutte le attivit\u00e0 dell&#8217;azienda.<\/p>\n<p>eFolix si impegna a fornire sul sito <a href=\"http:\/\/www.mc.app\" target=\"_new\" rel=\"noopener\">www.mc.app<\/a> informazioni il pi\u00f9 accurate possibile. Tuttavia, non pu\u00f2 essere ritenuta responsabile per omissioni, imprecisioni e carenze nell&#8217;aggiornamento, siano esse causate da azioni proprie o da terzi partner che forniscono tali informazioni.<\/p>\n<p>Tutte le informazioni indicate sul sito <a href=\"http:\/\/www.mc.app\" target=\"_new\" rel=\"noopener\">www.mc.app<\/a> sono fornite a titolo indicativo e sono soggette a modifiche. Inoltre, le informazioni presenti sul sito <a href=\"http:\/\/www.mc.app\" target=\"_new\" rel=\"noopener\">www.mc.app<\/a> non sono esaustive. Sono fornite a condizione che possano essere state apportate modifiche dalla loro pubblicazione.<\/p>\n<ol start=\"3\">\n<li><strong>Limitazioni Contrattuali sui Dati Tecnici<\/strong><\/li>\n<\/ol>\n<p>Il sito utilizza la tecnologia JavaScript.<\/p>\n<p>Il sito Internet non pu\u00f2 essere ritenuto responsabile per danni materiali legati all&#8217;uso del sito. Inoltre, l&#8217;utente del sito si impegna ad accedere al sito utilizzando un&#8217;attrezzatura recente, priva di virus e con un browser aggiornato all&#8217;ultima versione.<\/p>\n<ol start=\"4\">\n<li><strong>Propriet\u00e0 Intellettuale e Violazioni<\/strong><\/li>\n<\/ol>\n<p>eFolix \u00e8 proprietaria dei diritti di propriet\u00e0 intellettuale o detiene i diritti d&#8217;uso su tutti gli elementi accessibili sul sito, inclusi testi, immagini, grafiche, loghi, icone, suoni e software.<\/p>\n<p>Qualsiasi riproduzione, rappresentazione, modifica, pubblicazione, adattamento di tutto o parte degli elementi del sito, con qualsiasi mezzo o processo utilizzato, \u00e8 vietata, salvo previa autorizzazione scritta da parte di eFolix.<\/p>\n<p>Qualsiasi sfruttamento non autorizzato del sito o di uno qualsiasi degli elementi in esso contenuti sar\u00e0 considerato una violazione e perseguito in conformit\u00e0 con le disposizioni del Codice della Propriet\u00e0 Intellettuale.<\/p>\n<ol start=\"5\">\n<li><strong>Limitazioni di Responsabilit\u00e0<\/strong><\/li>\n<\/ol>\n<p>eFolix non potr\u00e0 essere ritenuta responsabile per danni diretti e indiretti causati all&#8217;attrezzatura dell&#8217;utente, durante l&#8217;accesso al sito <a href=\"http:\/\/www.mc.app\" target=\"_new\" rel=\"noopener\">www.mc.app<\/a>, e risultanti sia dall&#8217;uso di un&#8217;attrezzatura che non soddisfa le specifiche indicate al punto 3, sia dall&#8217;insorgere di un bug o di un&#8217;incompatibilit\u00e0.<\/p>\n<p>Spazi interattivi (possibilit\u00e0 di porre domande nell&#8217;area contatti) sono a disposizione degli utenti. eFolix si riserva il diritto di eliminare, senza preavviso, qualsiasi contenuto depositato in questo spazio che violerebbe la legislazione applicabile in Lussemburgo, in particolare le disposizioni relative alla protezione dei dati. Se necessario, eFolix si riserva anche la possibilit\u00e0 di ritenere l&#8217;utente civilmente e\/o penalmente responsabile, in particolare in caso di messaggi di carattere razzista, offensivo o diffamatorio, indipendentemente dal supporto utilizzato.<\/p>\n<ol start=\"6\">\n<li><strong>Gestione dei Dati Personali<\/strong><\/li>\n<\/ol>\n<p>I dati personali sono protetti dalla Direttiva Europea del 24 ottobre 1995.<\/p>\n<p>Nel corso dell&#8217;utilizzo del sito <a href=\"http:\/\/www.mc.app\" target=\"_new\" rel=\"noopener\">www.mc.app<\/a>, possono essere raccolti: l&#8217;URL dei link tramite i quali l&#8217;utente ha accesso al sito <a href=\"http:\/\/www.mc.app\" target=\"_new\" rel=\"noopener\">www.mc.app<\/a>, il fornitore di accesso dell&#8217;utente, l&#8217;indirizzo di protocollo Internet (IP) dell&#8217;utente.<\/p>\n<p>In ogni caso, eFolix raccoglie informazioni personali relative all&#8217;utente solo per le esigenze di alcuni servizi offerti dal sito <a href=\"http:\/\/www.mc.app\" target=\"_new\" rel=\"noopener\">www.mc.app<\/a>. L&#8217;utente fornisce queste informazioni con piena consapevolezza, in particolare quando le inserisce personalmente. Viene quindi specificato all&#8217;utente del sito <a href=\"http:\/\/www.mc.app\" target=\"_new\" rel=\"noopener\">www.mc.app<\/a> l&#8217;obbligo o meno di fornire queste informazioni.<\/p>\n<p>In conformit\u00e0 con la legge relativa all&#8217;informatica, ai file e alla libert\u00e0, ogni utente ha il diritto di accesso, rettifica e opposizione ai dati personali che lo riguardano, presentando una richiesta scritta e firmata, accompagnata da una copia di un documento d&#8217;identit\u00e0 firmato dal titolare del documento, specificando l&#8217;indirizzo al quale deve essere inviata la risposta.<\/p>\n<p>Nessuna informazione personale dell&#8217;utente del sito <a href=\"http:\/\/www.mc.app\" target=\"_new\" rel=\"noopener\">www.mc.app<\/a> \u00e8 pubblicata senza il consenso dell&#8217;utente, scambiata, trasferita, ceduta o venduta su alcun supporto a terzi. Solo l&#8217;ipotesi di acquisizione di eFolix e dei suoi diritti permetterebbe la trasmissione di tali informazioni all&#8217;eventuale acquirente, il quale sarebbe a sua volta tenuto allo stesso obbligo di conservazione e modifica dei dati nei confronti dell&#8217;utente del sito <a href=\"http:\/\/www.mc.app\" target=\"_new\" rel=\"noopener\">www.mc.app<\/a>.<\/p>\n<ol start=\"7\">\n<li><strong>Link ipertestuali e Cookie<\/strong><\/li>\n<\/ol>\n<p>Il sito <a href=\"http:\/\/www.mc.app\" target=\"_new\" rel=\"noopener\">www.mc.app<\/a> contiene un certo numero di link ipertestuali verso altri siti, creati con l&#8217;autorizzazione di eFolix. Tuttavia, eFolix non ha la possibilit\u00e0 di verificare il contenuto dei siti visitati e non assumer\u00e0 alcuna responsabilit\u00e0 al riguardo.<\/p>\n<p>La navigazione sul sito <a href=\"http:\/\/www.mc.app\" target=\"_new\" rel=\"noopener\">www.mc.app<\/a> potrebbe comportare l&#8217;installazione di cookie sul computer dell&#8217;utente. Un cookie \u00e8 un file di piccole dimensioni, che non consente di identificare l&#8217;utente, ma registra informazioni relative alla navigazione di un computer su un sito. I dati cos\u00ec ottenuti mirano a facilitare la navigazione futura sul sito e hanno anche lo scopo di consentire diverse misurazioni di frequenza.<\/p>\n<p>Il rifiuto di installare un cookie potrebbe comportare l&#8217;impossibilit\u00e0 di accedere a determinati servizi. Tuttavia, l&#8217;utente pu\u00f2 configurare il proprio computer nel seguente modo per rifiutare l&#8217;installazione dei cookie:<\/p>\n<ul>\n<li><strong>In Internet Explorer:<\/strong> scheda strumenti (icona a forma di ingranaggio in alto a destra) \/ opzioni Internet. Clicca su Privacy e scegli Blocca tutti i cookie. Conferma su Ok.<\/li>\n<li><strong>In Firefox:<\/strong> in alto nella finestra del browser, clicca sul pulsante Firefox, quindi vai nella scheda Opzioni. Clicca sulla scheda Privacy. Imposta le Regole di conservazione su: utilizza impostazioni personalizzate per la cronologia. Infine, deseleziona per disattivare i cookie.<\/li>\n<li><strong>In Safari:<\/strong> Clicca in alto a destra del browser sull&#8217;icona del menu (simbolizzata da un ingranaggio). Seleziona Impostazioni. Clicca su Mostra impostazioni avanzate. Nella sezione &#8220;Privacy&#8221;, clicca su Impostazioni contenuto. Nella sezione &#8220;Cookie&#8221;, puoi bloccare i cookie.<\/li>\n<li><strong>In Chrome:<\/strong> Clicca in alto a destra del browser sull&#8217;icona del menu (simbolizzata da tre linee orizzontali). Seleziona Impostazioni. Clicca su Mostra impostazioni avanzate. Nella sezione &#8220;Privacy&#8221;, clicca su preferenze. Nella scheda &#8220;Privacy&#8221;, puoi bloccare i cookie.<\/li>\n<\/ul>\n<ol start=\"8\">\n<li><strong>Diritti<\/strong><\/li>\n<\/ol>\n<p>Qualsiasi controversia relativa all&#8217;uso del sito <a href=\"http:\/\/www.mc.app\" target=\"_new\" rel=\"noopener\">www.mc.app<\/a> \u00e8 soggetta al diritto Lussemburghese ed Europeo.<\/p>\n\t\t\t\t\t\t\t\t<\/div>\n\t\t\t\t<\/div>\n\t\t\t\t\t<\/div>\n\t\t\t\t<\/div>\n\t\t\t\t<\/div>\n\t\t","protected":false},"excerpt":{"rendered":"<p>NOTE LEGALI Informazioni Legali Il sito www.mc.app \u00e8 di propriet\u00e0 dell&#8217;azienda EFOLIX, con sede in 5 Rue Dr Herr, 96 048 Lussemburgo. EFOLIX \u00e8 registrata nel Registro di Commercio del Lussemburgo con il numero B154-324 e ha il numero di partita IVA LU: LU24132344. Il responsabile della pubblicazione \u00e8 Bin GUO. Il sito www.mc.app \u00e8 [&hellip;]<\/p>\n","protected":false},"author":4,"featured_media":0,"parent":0,"menu_order":0,"comment_status":"closed","ping_status":"closed","template":"elementor_header_footer","meta":{"footnotes":""},"class_list":["post-31660","page","type-page","status-publish","hentry"],"yoast_head":"<!-- This site is optimized with the Yoast SEO plugin v26.2 - https:\/\/yoast.com\/wordpress\/plugins\/seo\/ -->\n<title>Mentions l\u00e9gales - MCAPP - MicroStore<\/title>\n<meta name=\"robots\" content=\"noindex, nofollow\" \/>\n<meta property=\"og:locale\" content=\"it_IT\" \/>\n<meta property=\"og:type\" content=\"article\" \/>\n<meta property=\"og:title\" content=\"Mentions l\u00e9gales - MCAPP - MicroStore\" \/>\n<meta property=\"og:description\" content=\"NOTE LEGALI Informazioni Legali Il sito www.mc.app \u00e8 di propriet\u00e0 dell&#8217;azienda EFOLIX, con sede in 5 Rue Dr Herr, 96 048 Lussemburgo. EFOLIX \u00e8 registrata nel Registro di Commercio del Lussemburgo con il numero B154-324 e ha il numero di partita IVA LU: LU24132344. Il responsabile della pubblicazione \u00e8 Bin GUO. Il sito www.mc.app \u00e8 [&hellip;]\" \/>\n<meta property=\"og:url\" content=\"https:\/\/mc.app\/mentions-legales\/\" \/>\n<meta property=\"og:site_name\" content=\"MCAPP - MicroStore\" \/>\n<meta property=\"article:publisher\" content=\"https:\/\/www.facebook.com\/microstoreapp\" \/>\n<meta property=\"article:modified_time\" content=\"2024-10-11T16:22:52+00:00\" \/>\n<meta name=\"twitter:card\" content=\"summary_large_image\" \/>\n<meta name=\"twitter:site\" content=\"@efolix\" \/>\n<meta name=\"twitter:label1\" content=\"Tempo di lettura stimato\" \/>\n\t<meta name=\"twitter:data1\" content=\"7 minuti\" \/>\n<script type=\"application\/ld+json\" class=\"yoast-schema-graph\">{\"@context\":\"https:\/\/schema.org\",\"@graph\":[{\"@type\":\"WebPage\",\"@id\":\"https:\/\/mc.app\/mentions-legales\/\",\"url\":\"https:\/\/mc.app\/mentions-legales\/\",\"name\":\"Mentions l\u00e9gales - MCAPP - MicroStore\",\"isPartOf\":{\"@id\":\"https:\/\/mc.app\/#website\"},\"datePublished\":\"2022-09-06T14:27:11+00:00\",\"dateModified\":\"2024-10-11T16:22:52+00:00\",\"breadcrumb\":{\"@id\":\"https:\/\/mc.app\/mentions-legales\/#breadcrumb\"},\"inLanguage\":\"it-IT\",\"potentialAction\":[{\"@type\":\"ReadAction\",\"target\":[\"https:\/\/mc.app\/mentions-legales\/\"]}]},{\"@type\":\"BreadcrumbList\",\"@id\":\"https:\/\/mc.app\/mentions-legales\/#breadcrumb\",\"itemListElement\":[{\"@type\":\"ListItem\",\"position\":1,\"name\":\"Accueil\",\"item\":\"https:\/\/mc.app\/it\/\"},{\"@type\":\"ListItem\",\"position\":2,\"name\":\"Mentions l\u00e9gales\"}]},{\"@type\":\"WebSite\",\"@id\":\"https:\/\/mc.app\/#website\",\"url\":\"https:\/\/mc.app\/\",\"name\":\"MCAPP - MicroStore\",\"description\":\"Solution digitale pour les grossistes de mode\",\"publisher\":{\"@id\":\"https:\/\/mc.app\/#organization\"},\"potentialAction\":[{\"@type\":\"SearchAction\",\"target\":{\"@type\":\"EntryPoint\",\"urlTemplate\":\"https:\/\/mc.app\/?s={search_term_string}\"},\"query-input\":{\"@type\":\"PropertyValueSpecification\",\"valueRequired\":true,\"valueName\":\"search_term_string\"}}],\"inLanguage\":\"it-IT\"},{\"@type\":\"Organization\",\"@id\":\"https:\/\/mc.app\/#organization\",\"name\":\"MCAPP - MicroStore\",\"url\":\"https:\/\/mc.app\/\",\"logo\":{\"@type\":\"ImageObject\",\"inLanguage\":\"it-IT\",\"@id\":\"https:\/\/mc.app\/#\/schema\/logo\/image\/\",\"url\":\"https:\/\/mc.app\/wp-content\/uploads\/2022\/09\/LOGO_130x45.svg\",\"contentUrl\":\"https:\/\/mc.app\/wp-content\/uploads\/2022\/09\/LOGO_130x45.svg\",\"width\":130,\"height\":45,\"caption\":\"MCAPP - MicroStore\"},\"image\":{\"@id\":\"https:\/\/mc.app\/#\/schema\/logo\/image\/\"},\"sameAs\":[\"https:\/\/www.facebook.com\/microstoreapp\",\"https:\/\/x.com\/efolix\",\"https:\/\/www.instagram.com\/mc.app_fr\/\"]}]}<\/script>\n<!-- \/ Yoast SEO plugin. -->","yoast_head_json":{"title":"Mentions l\u00e9gales - MCAPP - MicroStore","robots":{"index":"noindex","follow":"nofollow"},"og_locale":"it_IT","og_type":"article","og_title":"Mentions l\u00e9gales - MCAPP - MicroStore","og_description":"NOTE LEGALI Informazioni Legali Il sito www.mc.app \u00e8 di propriet\u00e0 dell&#8217;azienda EFOLIX, con sede in 5 Rue Dr Herr, 96 048 Lussemburgo. EFOLIX \u00e8 registrata nel Registro di Commercio del Lussemburgo con il numero B154-324 e ha il numero di partita IVA LU: LU24132344. Il responsabile della pubblicazione \u00e8 Bin GUO. Il sito www.mc.app \u00e8 [&hellip;]","og_url":"https:\/\/mc.app\/mentions-legales\/","og_site_name":"MCAPP - MicroStore","article_publisher":"https:\/\/www.facebook.com\/microstoreapp","article_modified_time":"2024-10-11T16:22:52+00:00","twitter_card":"summary_large_image","twitter_site":"@efolix","twitter_misc":{"Tempo di lettura stimato":"7 minuti"},"schema":{"@context":"https:\/\/schema.org","@graph":[{"@type":"WebPage","@id":"https:\/\/mc.app\/mentions-legales\/","url":"https:\/\/mc.app\/mentions-legales\/","name":"Mentions l\u00e9gales - MCAPP - MicroStore","isPartOf":{"@id":"https:\/\/mc.app\/#website"},"datePublished":"2022-09-06T14:27:11+00:00","dateModified":"2024-10-11T16:22:52+00:00","breadcrumb":{"@id":"https:\/\/mc.app\/mentions-legales\/#breadcrumb"},"inLanguage":"it-IT","potentialAction":[{"@type":"ReadAction","target":["https:\/\/mc.app\/mentions-legales\/"]}]},{"@type":"BreadcrumbList","@id":"https:\/\/mc.app\/mentions-legales\/#breadcrumb","itemListElement":[{"@type":"ListItem","position":1,"name":"Accueil","item":"https:\/\/mc.app\/it\/"},{"@type":"ListItem","position":2,"name":"Mentions l\u00e9gales"}]},{"@type":"WebSite","@id":"https:\/\/mc.app\/#website","url":"https:\/\/mc.app\/","name":"MCAPP - MicroStore","description":"Solution digitale pour les grossistes de mode","publisher":{"@id":"https:\/\/mc.app\/#organization"},"potentialAction":[{"@type":"SearchAction","target":{"@type":"EntryPoint","urlTemplate":"https:\/\/mc.app\/?s={search_term_string}"},"query-input":{"@type":"PropertyValueSpecification","valueRequired":true,"valueName":"search_term_string"}}],"inLanguage":"it-IT"},{"@type":"Organization","@id":"https:\/\/mc.app\/#organization","name":"MCAPP - MicroStore","url":"https:\/\/mc.app\/","logo":{"@type":"ImageObject","inLanguage":"it-IT","@id":"https:\/\/mc.app\/#\/schema\/logo\/image\/","url":"https:\/\/mc.app\/wp-content\/uploads\/2022\/09\/LOGO_130x45.svg","contentUrl":"https:\/\/mc.app\/wp-content\/uploads\/2022\/09\/LOGO_130x45.svg","width":130,"height":45,"caption":"MCAPP - MicroStore"},"image":{"@id":"https:\/\/mc.app\/#\/schema\/logo\/image\/"},"sameAs":["https:\/\/www.facebook.com\/microstoreapp","https:\/\/x.com\/efolix","https:\/\/www.instagram.com\/mc.app_fr\/"]}]}},"_links":{"self":[{"href":"https:\/\/mc.app\/it\/wp-json\/wp\/v2\/pages\/31660","targetHints":{"allow":["GET"]}}],"collection":[{"href":"https:\/\/mc.app\/it\/wp-json\/wp\/v2\/pages"}],"about":[{"href":"https:\/\/mc.app\/it\/wp-json\/wp\/v2\/types\/page"}],"author":[{"embeddable":true,"href":"https:\/\/mc.app\/it\/wp-json\/wp\/v2\/users\/4"}],"replies":[{"embeddable":true,"href":"https:\/\/mc.app\/it\/wp-json\/wp\/v2\/comments?post=31660"}],"version-history":[{"count":6,"href":"https:\/\/mc.app\/it\/wp-json\/wp\/v2\/pages\/31660\/revisions"}],"predecessor-version":[{"id":43732,"href":"https:\/\/mc.app\/it\/wp-json\/wp\/v2\/pages\/31660\/revisions\/43732"}],"wp:attachment":[{"href":"https:\/\/mc.app\/it\/wp-json\/wp\/v2\/media?parent=31660"}],"curies":[{"name":"wp","href":"https:\/\/api.w.org\/{rel}","templated":true}]}}