{"id":33165,"date":"2023-02-08T09:58:54","date_gmt":"2023-02-08T08:58:54","guid":{"rendered":"https:\/\/mc.app\/?page_id=33165"},"modified":"2024-04-19T13:24:30","modified_gmt":"2024-04-19T11:24:30","slug":"thank-you","status":"publish","type":"page","link":"https:\/\/mc.app\/fr\/thank-you\/","title":{"rendered":"thank you"},"content":{"rendered":"\t\t<div data-elementor-type=\"wp-page\" data-elementor-id=\"33165\" class=\"elementor elementor-33165\" data-elementor-post-type=\"page\">\n\t\t\t\t<div class=\"elementor-element elementor-element-530fefa e-flex e-con-boxed e-con e-parent\" data-id=\"530fefa\" data-element_type=\"container\">\n\t\t\t\t\t<div class=\"e-con-inner\">\n\t\t\t\t<div class=\"elementor-element elementor-element-e34fe11 elementor-widget elementor-widget-shortcode\" data-id=\"e34fe11\" data-element_type=\"widget\" data-widget_type=\"shortcode.default\">\n\t\t\t\t<div class=\"elementor-widget-container\">\n\t\t\t\t\t\t\t<div class=\"elementor-shortcode\">\t\t<div data-elementor-type=\"loop-item\" data-elementor-id=\"33114\" class=\"elementor elementor-33114 e-loop-item e-loop-item-33165 post-33165 page type-page status-publish hentry\" data-elementor-post-type=\"elementor_library\" data-custom-edit-handle=\"1\">\n\t\t\t<div class=\"elementor-element elementor-element-80ce5c7 e-flex e-con-boxed e-con e-parent\" data-id=\"80ce5c7\" data-element_type=\"container\">\n\t\t\t\t\t<div class=\"e-con-inner\">\n\t\t\t\t<div class=\"elementor-element elementor-element-169c645 elementor-widget elementor-widget-image\" data-id=\"169c645\" data-element_type=\"widget\" data-widget_type=\"image.default\">\n\t\t\t\t<div class=\"elementor-widget-container\">\n\t\t\t\t\t\t\t\t\t\t\t\t\t\t\t<img loading=\"lazy\" decoding=\"async\" width=\"1477\" height=\"400\" src=\"https:\/\/mc.app\/wp-content\/uploads\/2023\/02\/Signature-EN-Thank-you.png\" class=\"attachment-2048x2048 size-2048x2048 wp-image-33117\" alt=\"Logiciel pour gestion de stock, MC APP - MicroStore\" srcset=\"https:\/\/mc.app\/wp-content\/uploads\/2023\/02\/Signature-EN-Thank-you.png 1477w, https:\/\/mc.app\/wp-content\/uploads\/2023\/02\/Signature-EN-Thank-you-300x81.png 300w, https:\/\/mc.app\/wp-content\/uploads\/2023\/02\/Signature-EN-Thank-you-1024x277.png 1024w, https:\/\/mc.app\/wp-content\/uploads\/2023\/02\/Signature-EN-Thank-you-768x208.png 768w, https:\/\/mc.app\/wp-content\/uploads\/2023\/02\/Signature-EN-Thank-you-1200x325.png 1200w\" sizes=\"auto, (max-width: 1477px) 100vw, 1477px\" \/>\t\t\t\t\t\t\t\t\t\t\t\t\t\t\t<\/div>\n\t\t\t\t<\/div>\n\t\t\t\t<div class=\"elementor-element elementor-element-cffeb1b elementor-widget elementor-widget-heading\" data-id=\"cffeb1b\" data-element_type=\"widget\" data-widget_type=\"heading.default\">\n\t\t\t\t<div class=\"elementor-widget-container\">\n\t\t\t\t\t<h2 class=\"elementor-heading-title elementor-size-default\">Un de nos conseillers vous recontactera tr\u00e8s rapidement ! <\/h2>\t\t\t\t<\/div>\n\t\t\t\t<\/div>\n\t\t\t\t<div class=\"elementor-element elementor-element-7b0c0e4 elementor-widget elementor-widget-heading\" data-id=\"7b0c0e4\" data-element_type=\"widget\" data-widget_type=\"heading.default\">\n\t\t\t\t<div class=\"elementor-widget-container\">\n\t\t\t\t\t<h2 class=\"elementor-heading-title elementor-size-default\"><span class=\"tabs-text\">En attendant,<\/span>  retrouvez ici toutes  <span class=\"tabs-text\">nos astuces, conseils et analyses<\/span> pour la vente en gros\n<\/h2>\t\t\t\t<\/div>\n\t\t\t\t<\/div>\n\t\t\t\t<div class=\"elementor-element elementor-element-43da75e elementor-posts__hover-none elementor-grid-3 elementor-grid-tablet-2 elementor-grid-mobile-1 elementor-posts--thumbnail-top elementor-widget elementor-widget-posts\" data-id=\"43da75e\" data-element_type=\"widget\" id=\"blogs\" data-settings=\"{&quot;cards_columns&quot;:&quot;3&quot;,&quot;cards_columns_tablet&quot;:&quot;2&quot;,&quot;cards_columns_mobile&quot;:&quot;1&quot;,&quot;cards_row_gap&quot;:{&quot;unit&quot;:&quot;px&quot;,&quot;size&quot;:35,&quot;sizes&quot;:[]},&quot;cards_row_gap_tablet&quot;:{&quot;unit&quot;:&quot;px&quot;,&quot;size&quot;:&quot;&quot;,&quot;sizes&quot;:[]},&quot;cards_row_gap_mobile&quot;:{&quot;unit&quot;:&quot;px&quot;,&quot;size&quot;:&quot;&quot;,&quot;sizes&quot;:[]}}\" data-widget_type=\"posts.cards\">\n\t\t\t\t<div class=\"elementor-widget-container\">\n\t\t\t\t\t\t\t<div class=\"elementor-posts-container elementor-posts elementor-posts--skin-cards elementor-grid\" role=\"list\">\n\t\t\t\t<article class=\"elementor-post elementor-grid-item post-38205 post type-post status-publish format-standard has-post-thumbnail hentry category-vente-a-distance category-ventes-en-ligne\" role=\"listitem\">\n\t\t\t<div class=\"elementor-post__card\">\n\t\t\t\t<a class=\"elementor-post__thumbnail__link\" href=\"https:\/\/mc.app\/fr\/grossistes-comment-augmenter-le-trafic-dans-votre-boutique-en-ligne-et-physique\/\" tabindex=\"-1\" ><div class=\"elementor-post__thumbnail\"><img loading=\"lazy\" decoding=\"async\" width=\"300\" height=\"200\" src=\"https:\/\/mc.app\/wp-content\/uploads\/2023\/10\/professionnels-regarder-graphique-dans-bureau-300x200.png\" class=\"attachment-medium size-medium wp-image-38241\" alt=\"\" srcset=\"https:\/\/mc.app\/wp-content\/uploads\/2023\/10\/professionnels-regarder-graphique-dans-bureau-300x200.png 300w, https:\/\/mc.app\/wp-content\/uploads\/2023\/10\/professionnels-regarder-graphique-dans-bureau.png 600w\" sizes=\"auto, (max-width: 300px) 100vw, 300px\" \/><\/div><\/a>\n\t\t\t\t<div class=\"elementor-post__text\">\n\t\t\t\t<h3 class=\"elementor-post__title\">\n\t\t\t<a href=\"https:\/\/mc.app\/fr\/grossistes-comment-augmenter-le-trafic-dans-votre-boutique-en-ligne-et-physique\/\" >\n\t\t\t\tGrossistes : comment augmenter le trafic dans votre boutique en ligne et physique?\t\t\t<\/a>\n\t\t<\/h3>\n\t\t\t\t<div class=\"elementor-post__excerpt\">\n\t\t\t<p>Grossistes : comment augmenter le trafic dans votre boutique en ligne et physique? Attirer un grand nombre de d\u00e9taillants vers votre magasin et vers votre<\/p>\n\t\t<\/div>\n\t\t\t\t\t<div class=\"elementor-post__read-more-wrapper\">\n\t\t\n\t\t<a class=\"elementor-post__read-more\" href=\"https:\/\/mc.app\/fr\/grossistes-comment-augmenter-le-trafic-dans-votre-boutique-en-ligne-et-physique\/\" aria-label=\"En savoir plus sur Grossistes : comment augmenter le trafic dans votre boutique en ligne et physique?\" tabindex=\"-1\" >\n\t\t\tRead more\t\t<\/a>\n\n\t\t\t\t\t<\/div>\n\t\t\t\t<\/div>\n\t\t\t\t\t<\/div>\n\t\t<\/article>\n\t\t\t\t<article class=\"elementor-post elementor-grid-item post-38004 post type-post status-publish format-standard has-post-thumbnail hentry category-vente-a-distance category-ventes-en-ligne\" role=\"listitem\">\n\t\t\t<div class=\"elementor-post__card\">\n\t\t\t\t<a class=\"elementor-post__thumbnail__link\" href=\"https:\/\/mc.app\/fr\/grossiste-de-mode-pourquoi-et-comment-utiliser-les-reseaux-sociaux\/\" tabindex=\"-1\" ><div class=\"elementor-post__thumbnail\"><img loading=\"lazy\" decoding=\"async\" width=\"300\" height=\"200\" src=\"https:\/\/mc.app\/wp-content\/uploads\/2023\/09\/Illu_ART2-1-300x200.png\" class=\"attachment-medium size-medium wp-image-38005\" alt=\"Comment les grossistes peuvent tirer parti des r\u00e9seaux sociaux\" srcset=\"https:\/\/mc.app\/wp-content\/uploads\/2023\/09\/Illu_ART2-1-300x200.png 300w, https:\/\/mc.app\/wp-content\/uploads\/2023\/09\/Illu_ART2-1.png 600w\" sizes=\"auto, (max-width: 300px) 100vw, 300px\" \/><\/div><\/a>\n\t\t\t\t<div class=\"elementor-post__text\">\n\t\t\t\t<h3 class=\"elementor-post__title\">\n\t\t\t<a href=\"https:\/\/mc.app\/fr\/grossiste-de-mode-pourquoi-et-comment-utiliser-les-reseaux-sociaux\/\" >\n\t\t\t\tGrossiste de mode : pourquoi et comment utiliser les r\u00e9seaux sociaux ?\t\t\t<\/a>\n\t\t<\/h3>\n\t\t\t\t<div class=\"elementor-post__excerpt\">\n\t\t\t<p>Grossiste de mode : pourquoi et comment utiliser les r\u00e9seaux sociaux ? Dans le monde en constante \u00e9volution de la mode en gros, la capacit\u00e9<\/p>\n\t\t<\/div>\n\t\t\t\t\t<div class=\"elementor-post__read-more-wrapper\">\n\t\t\n\t\t<a class=\"elementor-post__read-more\" href=\"https:\/\/mc.app\/fr\/grossiste-de-mode-pourquoi-et-comment-utiliser-les-reseaux-sociaux\/\" aria-label=\"En savoir plus sur Grossiste de mode : pourquoi et comment utiliser les r\u00e9seaux sociaux ?\" tabindex=\"-1\" >\n\t\t\tRead more\t\t<\/a>\n\n\t\t\t\t\t<\/div>\n\t\t\t\t<\/div>\n\t\t\t\t\t<\/div>\n\t\t<\/article>\n\t\t\t\t<article class=\"elementor-post elementor-grid-item post-37445 post type-post status-publish format-standard has-post-thumbnail hentry category-tips-grossiste category-vente-a-distance category-ventes-en-ligne\" role=\"listitem\">\n\t\t\t<div class=\"elementor-post__card\">\n\t\t\t\t<a class=\"elementor-post__thumbnail__link\" href=\"https:\/\/mc.app\/fr\/tendances-de-la-vente-en-gros-a-suivre-fin-2023\/\" tabindex=\"-1\" ><div class=\"elementor-post__thumbnail\"><img loading=\"lazy\" decoding=\"async\" width=\"300\" height=\"246\" src=\"https:\/\/mc.app\/wp-content\/uploads\/2023\/09\/IllusArticle1_Septembre2023-02-300x246.png\" class=\"attachment-medium size-medium wp-image-37471\" alt=\"\" srcset=\"https:\/\/mc.app\/wp-content\/uploads\/2023\/09\/IllusArticle1_Septembre2023-02-300x246.png 300w, https:\/\/mc.app\/wp-content\/uploads\/2023\/09\/IllusArticle1_Septembre2023-02-1024x839.png 1024w, https:\/\/mc.app\/wp-content\/uploads\/2023\/09\/IllusArticle1_Septembre2023-02-768x629.png 768w, https:\/\/mc.app\/wp-content\/uploads\/2023\/09\/IllusArticle1_Septembre2023-02-1536x1258.png 1536w, https:\/\/mc.app\/wp-content\/uploads\/2023\/09\/IllusArticle1_Septembre2023-02-2048x1677.png 2048w, https:\/\/mc.app\/wp-content\/uploads\/2023\/09\/IllusArticle1_Septembre2023-02-1200x983.png 1200w, https:\/\/mc.app\/wp-content\/uploads\/2023\/09\/IllusArticle1_Septembre2023-02-1980x1621.png 1980w\" sizes=\"auto, (max-width: 300px) 100vw, 300px\" \/><\/div><\/a>\n\t\t\t\t<div class=\"elementor-post__text\">\n\t\t\t\t<h3 class=\"elementor-post__title\">\n\t\t\t<a href=\"https:\/\/mc.app\/fr\/tendances-de-la-vente-en-gros-a-suivre-fin-2023\/\" >\n\t\t\t\tTendances de la vente en gros \u00e0 suivre fin 2023\t\t\t<\/a>\n\t\t<\/h3>\n\t\t\t\t<div class=\"elementor-post__excerpt\">\n\t\t\t<p>Vente en gros : tendances et opportunit\u00e9s Le monde de la vente en gros se transforme \u00e0 une vitesse fulgurante, s\u2019ajustant au rythme des r\u00e9volutions<\/p>\n\t\t<\/div>\n\t\t\t\t\t<div class=\"elementor-post__read-more-wrapper\">\n\t\t\n\t\t<a class=\"elementor-post__read-more\" href=\"https:\/\/mc.app\/fr\/tendances-de-la-vente-en-gros-a-suivre-fin-2023\/\" aria-label=\"En savoir plus sur Tendances de la vente en gros \u00e0 suivre fin 2023\" tabindex=\"-1\" >\n\t\t\tRead more\t\t<\/a>\n\n\t\t\t\t\t<\/div>\n\t\t\t\t<\/div>\n\t\t\t\t\t<\/div>\n\t\t<\/article>\n\t\t\t\t<\/div>\n\t\t\n\t\t\t\t\t\t<\/div>\n\t\t\t\t<\/div>\n\t\t\t\t\t<\/div>\n\t\t\t\t<\/div>\n\t\t\t\t<\/div>\n\t\t<\/div>\n\t\t\t\t\t\t<\/div>\n\t\t\t\t<\/div>\n\t\t\t\t\t<\/div>\n\t\t\t\t<\/div>\n\t\t\t\t<\/div>\n\t\t","protected":false},"excerpt":{"rendered":"","protected":false},"author":4,"featured_media":0,"parent":0,"menu_order":0,"comment_status":"closed","ping_status":"closed","template":"","meta":{"footnotes":""},"class_list":["post-33165","page","type-page","status-publish","hentry"],"yoast_head":"<!-- This site is optimized with the Yoast SEO plugin v26.2 - https:\/\/yoast.com\/wordpress\/plugins\/seo\/ -->\n<title>thank you - MCAPP - MicroStore<\/title>\n<meta name=\"robots\" content=\"noindex, nofollow\" \/>\n<meta property=\"og:locale\" content=\"fr_FR\" \/>\n<meta property=\"og:type\" content=\"article\" \/>\n<meta property=\"og:title\" content=\"thank you - MCAPP - MicroStore\" \/>\n<meta property=\"og:url\" content=\"https:\/\/mc.app\/thank-you\/\" \/>\n<meta property=\"og:site_name\" content=\"MCAPP - MicroStore\" \/>\n<meta property=\"article:publisher\" content=\"https:\/\/www.facebook.com\/microstoreapp\" \/>\n<meta property=\"article:modified_time\" content=\"2024-04-19T11:24:30+00:00\" \/>\n<meta name=\"twitter:card\" content=\"summary_large_image\" \/>\n<meta name=\"twitter:site\" content=\"@efolix\" \/>\n<meta name=\"twitter:label1\" content=\"Dur\u00e9e de lecture estim\u00e9e\" \/>\n\t<meta name=\"twitter:data1\" content=\"1 minute\" \/>\n<script type=\"application\/ld+json\" class=\"yoast-schema-graph\">{\"@context\":\"https:\/\/schema.org\",\"@graph\":[{\"@type\":\"WebPage\",\"@id\":\"https:\/\/mc.app\/thank-you\/\",\"url\":\"https:\/\/mc.app\/thank-you\/\",\"name\":\"thank you - MCAPP - MicroStore\",\"isPartOf\":{\"@id\":\"https:\/\/mc.app\/#website\"},\"datePublished\":\"2023-02-08T08:58:54+00:00\",\"dateModified\":\"2024-04-19T11:24:30+00:00\",\"breadcrumb\":{\"@id\":\"https:\/\/mc.app\/thank-you\/#breadcrumb\"},\"inLanguage\":\"fr-FR\",\"potentialAction\":[{\"@type\":\"ReadAction\",\"target\":[\"https:\/\/mc.app\/thank-you\/\"]}]},{\"@type\":\"BreadcrumbList\",\"@id\":\"https:\/\/mc.app\/thank-you\/#breadcrumb\",\"itemListElement\":[{\"@type\":\"ListItem\",\"position\":1,\"name\":\"Accueil\",\"item\":\"https:\/\/mc.app\/fr\/\"},{\"@type\":\"ListItem\",\"position\":2,\"name\":\"thank you\"}]},{\"@type\":\"WebSite\",\"@id\":\"https:\/\/mc.app\/#website\",\"url\":\"https:\/\/mc.app\/\",\"name\":\"MCAPP - MicroStore\",\"description\":\"Solution digitale pour les grossistes de mode\",\"publisher\":{\"@id\":\"https:\/\/mc.app\/#organization\"},\"potentialAction\":[{\"@type\":\"SearchAction\",\"target\":{\"@type\":\"EntryPoint\",\"urlTemplate\":\"https:\/\/mc.app\/?s={search_term_string}\"},\"query-input\":{\"@type\":\"PropertyValueSpecification\",\"valueRequired\":true,\"valueName\":\"search_term_string\"}}],\"inLanguage\":\"fr-FR\"},{\"@type\":\"Organization\",\"@id\":\"https:\/\/mc.app\/#organization\",\"name\":\"MCAPP - MicroStore\",\"url\":\"https:\/\/mc.app\/\",\"logo\":{\"@type\":\"ImageObject\",\"inLanguage\":\"fr-FR\",\"@id\":\"https:\/\/mc.app\/#\/schema\/logo\/image\/\",\"url\":\"https:\/\/mc.app\/wp-content\/uploads\/2022\/09\/LOGO_130x45.svg\",\"contentUrl\":\"https:\/\/mc.app\/wp-content\/uploads\/2022\/09\/LOGO_130x45.svg\",\"width\":130,\"height\":45,\"caption\":\"MCAPP - MicroStore\"},\"image\":{\"@id\":\"https:\/\/mc.app\/#\/schema\/logo\/image\/\"},\"sameAs\":[\"https:\/\/www.facebook.com\/microstoreapp\",\"https:\/\/x.com\/efolix\",\"https:\/\/www.instagram.com\/mc.app_fr\/\"]}]}<\/script>\n<!-- \/ Yoast SEO plugin. -->","yoast_head_json":{"title":"thank you - MCAPP - MicroStore","robots":{"index":"noindex","follow":"nofollow"},"og_locale":"fr_FR","og_type":"article","og_title":"thank you - MCAPP - MicroStore","og_url":"https:\/\/mc.app\/thank-you\/","og_site_name":"MCAPP - MicroStore","article_publisher":"https:\/\/www.facebook.com\/microstoreapp","article_modified_time":"2024-04-19T11:24:30+00:00","twitter_card":"summary_large_image","twitter_site":"@efolix","twitter_misc":{"Dur\u00e9e de lecture estim\u00e9e":"1 minute"},"schema":{"@context":"https:\/\/schema.org","@graph":[{"@type":"WebPage","@id":"https:\/\/mc.app\/thank-you\/","url":"https:\/\/mc.app\/thank-you\/","name":"thank you - MCAPP - MicroStore","isPartOf":{"@id":"https:\/\/mc.app\/#website"},"datePublished":"2023-02-08T08:58:54+00:00","dateModified":"2024-04-19T11:24:30+00:00","breadcrumb":{"@id":"https:\/\/mc.app\/thank-you\/#breadcrumb"},"inLanguage":"fr-FR","potentialAction":[{"@type":"ReadAction","target":["https:\/\/mc.app\/thank-you\/"]}]},{"@type":"BreadcrumbList","@id":"https:\/\/mc.app\/thank-you\/#breadcrumb","itemListElement":[{"@type":"ListItem","position":1,"name":"Accueil","item":"https:\/\/mc.app\/fr\/"},{"@type":"ListItem","position":2,"name":"thank you"}]},{"@type":"WebSite","@id":"https:\/\/mc.app\/#website","url":"https:\/\/mc.app\/","name":"MCAPP - MicroStore","description":"Solution digitale pour les grossistes de mode","publisher":{"@id":"https:\/\/mc.app\/#organization"},"potentialAction":[{"@type":"SearchAction","target":{"@type":"EntryPoint","urlTemplate":"https:\/\/mc.app\/?s={search_term_string}"},"query-input":{"@type":"PropertyValueSpecification","valueRequired":true,"valueName":"search_term_string"}}],"inLanguage":"fr-FR"},{"@type":"Organization","@id":"https:\/\/mc.app\/#organization","name":"MCAPP - MicroStore","url":"https:\/\/mc.app\/","logo":{"@type":"ImageObject","inLanguage":"fr-FR","@id":"https:\/\/mc.app\/#\/schema\/logo\/image\/","url":"https:\/\/mc.app\/wp-content\/uploads\/2022\/09\/LOGO_130x45.svg","contentUrl":"https:\/\/mc.app\/wp-content\/uploads\/2022\/09\/LOGO_130x45.svg","width":130,"height":45,"caption":"MCAPP - MicroStore"},"image":{"@id":"https:\/\/mc.app\/#\/schema\/logo\/image\/"},"sameAs":["https:\/\/www.facebook.com\/microstoreapp","https:\/\/x.com\/efolix","https:\/\/www.instagram.com\/mc.app_fr\/"]}]}},"_links":{"self":[{"href":"https:\/\/mc.app\/fr\/wp-json\/wp\/v2\/pages\/33165","targetHints":{"allow":["GET"]}}],"collection":[{"href":"https:\/\/mc.app\/fr\/wp-json\/wp\/v2\/pages"}],"about":[{"href":"https:\/\/mc.app\/fr\/wp-json\/wp\/v2\/types\/page"}],"author":[{"embeddable":true,"href":"https:\/\/mc.app\/fr\/wp-json\/wp\/v2\/users\/4"}],"replies":[{"embeddable":true,"href":"https:\/\/mc.app\/fr\/wp-json\/wp\/v2\/comments?post=33165"}],"version-history":[{"count":4,"href":"https:\/\/mc.app\/fr\/wp-json\/wp\/v2\/pages\/33165\/revisions"}],"predecessor-version":[{"id":39934,"href":"https:\/\/mc.app\/fr\/wp-json\/wp\/v2\/pages\/33165\/revisions\/39934"}],"wp:attachment":[{"href":"https:\/\/mc.app\/fr\/wp-json\/wp\/v2\/media?parent=33165"}],"curies":[{"name":"wp","href":"https:\/\/api.w.org\/{rel}","templated":true}]}}