{"id":1586,"date":"2022-09-06T16:27:11","date_gmt":"2022-09-06T14:27:11","guid":{"rendered":"https:\/\/mc.app\/?page_id=1586"},"modified":"2024-05-02T07:13:26","modified_gmt":"2024-05-02T05:13:26","slug":"mentions-legales","status":"publish","type":"page","link":"https:\/\/mc.app\/fr\/mentions-legales\/","title":{"rendered":"Mentions l\u00e9gales"},"content":{"rendered":"\t\t<div data-elementor-type=\"wp-page\" data-elementor-id=\"1586\" class=\"elementor elementor-1586\" data-elementor-post-type=\"page\">\n\t\t\t\t<div class=\"elementor-element elementor-element-1c899b0 e-flex e-con-boxed e-con e-parent\" data-id=\"1c899b0\" data-element_type=\"container\">\n\t\t\t\t\t<div class=\"e-con-inner\">\n\t\t\t\t<div class=\"elementor-element elementor-element-4f9d856 elementor-widget elementor-widget-heading\" data-id=\"4f9d856\" data-element_type=\"widget\" data-widget_type=\"heading.default\">\n\t\t\t\t<div class=\"elementor-widget-container\">\n\t\t\t\t\t<h1 class=\"elementor-heading-title elementor-size-default\">MENTIONS L\u00c9GALES<\/h1>\t\t\t\t<\/div>\n\t\t\t\t<\/div>\n\t\t\t\t<div class=\"elementor-element elementor-element-21ecb51 elementor-widget elementor-widget-text-editor\" data-id=\"21ecb51\" data-element_type=\"widget\" data-widget_type=\"text-editor.default\">\n\t\t\t\t<div class=\"elementor-widget-container\">\n\t\t\t\t\t\t\t\t\t<p>Le site www.mc.app\u2002est la propri\u00e9t\u00e9 de l\u2019entreprise EFOLIX, si\u00e9geant au 5 Rue Dr Herr<\/p><p>96 048 Luxembourg.<\/p><p>EFOLIX est immatricul\u00e9e au registre du Commerce de Luxembourg sous N\u00b0B154-324, a pour num\u00e9ro de TVA LU : LU24132344<\/p><p>Le responsable de la publication est Bin GUO.<\/p><p>Le site www.mc.app, est con\u00e7u et g\u00e9r\u00e9 par l\u2019entreprise EFOLIX.<\/p><h5>1. Conditions g\u00e9n\u00e9rales d\u2019utilisation du site et des services propos\u00e9s<\/h5><p>L\u2019utilisation du site www.mc.app implique l\u2019acceptation pleine et enti\u00e8re des conditions g\u00e9n\u00e9rales d\u2019utilisation ci-apr\u00e8s d\u00e9crites. Ces conditions d\u2019utilisation sont susceptibles d\u2019\u00eatre modifi\u00e9es ou compl\u00e9t\u00e9es \u00e0 tout moment, les utilisateurs du site www.mc.app sont donc invit\u00e9s \u00e0 les consulter de mani\u00e8re r\u00e9guli\u00e8re.<\/p><p>Ce site est normalement accessible \u00e0 tout moment aux utilisateurs. Une interruption pour raison de maintenance technique peut \u00eatre toutefois d\u00e9cid\u00e9e par eFolix, qui s\u2019efforcera alors de communiquer pr\u00e9alablement aux utilisateurs les dates et heures de l\u2019intervention.<\/p><p>Le site www.mc.app est mis \u00e0 jour r\u00e9guli\u00e8rement par eFolix. De la m\u00eame fa\u00e7on, les mentions l\u00e9gales peuvent \u00eatre modifi\u00e9es \u00e0 tout moment : elles s\u2019imposent n\u00e9anmoins \u00e0 l\u2019utilisateur qui est invit\u00e9 \u00e0 s\u2019y r\u00e9f\u00e9rer le plus souvent possible afin d\u2019en prendre connaissance.<\/p><h5>2. Description des services fournis<\/h5><p>Le site www.mc.app a pour objet de fournir une information concernant l\u2019ensemble des activit\u00e9s de la soci\u00e9t\u00e9.<\/p><p>eFolix s\u2019efforce de fournir sur le site www.mc.app des informations aussi pr\u00e9cises que possible. Toutefois, il ne pourra \u00eatre tenu responsable des omissions, des inexactitudes et des carences dans la mise \u00e0 jour, qu\u2019elles soient de son fait ou du fait des tiers partenaires qui lui fournissent ces informations.<\/p><p>Toutes les informations indiqu\u00e9es sur le site www.mc.app sont donn\u00e9es \u00e0 titre indicatif, et sont susceptibles d\u2019\u00e9voluer. Par ailleurs, les renseignements figurant sur le site www.mc.app ne sont pas exhaustifs. Ils sont donn\u00e9s sous r\u00e9serve de modifications ayant \u00e9t\u00e9 apport\u00e9es depuis leur mise en ligne.<\/p><h5>3. Limitations contractuelles sur les donn\u00e9es techniques<\/h5><p>Le site utilise la technologie JavaScript.<\/p><p>Le site Internet ne pourra \u00eatre tenu responsable de dommages mat\u00e9riels li\u00e9s \u00e0 l\u2019utilisation du site. De plus, l\u2019utilisateur du site s\u2019engage \u00e0 acc\u00e9der au site en utilisant un mat\u00e9riel r\u00e9cent, ne contenant pas de virus et avec un navigateur de derni\u00e8re g\u00e9n\u00e9ration mis-\u00e0-jour.<\/p><h5>4. Propri\u00e9t\u00e9s intellectuelles et contrefa\u00e7ons<\/h5><p>eFolix est propri\u00e9taire des droits de propri\u00e9t\u00e9 intellectuelle ou d\u00e9tient les droits d\u2019usage sur tous les \u00e9l\u00e9ments accessibles sur le site, notamment les textes, images, graphismes, logo, ic\u00f4nes, sons, logiciels.<\/p><p>Toute reproduction, repr\u00e9sentation, modification, publication, adaptation de tout ou partie des \u00e9l\u00e9ments du site, quel que soit le moyen ou le proc\u00e9d\u00e9 utilis\u00e9, est interdite, sauf autorisation \u00e9crite pr\u00e9alable de : eFolix.<\/p><p>Toute exploitation non autoris\u00e9e du site ou de l\u2019un quelconque des \u00e9l\u00e9ments qu\u2019il contient sera consid\u00e9r\u00e9e comme constitutive d\u2019une contrefa\u00e7on et poursuivie conform\u00e9ment aux dispositions du Code de Propri\u00e9t\u00e9 Intellectuelle.<\/p><h5>5. Limitations de responsabilit\u00e9<\/h5><p>eFolix ne pourra \u00eatre tenue responsable des dommages directs et indirects caus\u00e9s au mat\u00e9riel de l\u2019utilisateur, lors de l\u2019acc\u00e8s au site www.mc.app, et r\u00e9sultant soit de l\u2019utilisation d\u2019un mat\u00e9riel ne r\u00e9pondant pas aux sp\u00e9cifications indiqu\u00e9es au point 3, soit de l\u2019apparition d\u2019un bug ou d\u2019une incompatibilit\u00e9.<\/p><p>Des espaces interactifs (possibilit\u00e9 de poser des questions dans l\u2019espace contact) sont \u00e0 la disposition des utilisateurs. eFolix se r\u00e9serve le droit de supprimer, sans mise en demeure pr\u00e9alable, tout contenu d\u00e9pos\u00e9 dans cet espace qui contreviendrait \u00e0 la l\u00e9gislation applicable au Luxembourg, en particulier aux dispositions relatives \u00e0 la protection des donn\u00e9es. Le cas \u00e9ch\u00e9ant, eFolix se r\u00e9serve \u00e9galement la possibilit\u00e9 de mettre en cause la responsabilit\u00e9 civile et\/ou p\u00e9nale de l\u2019utilisateur, notamment en cas de message \u00e0 caract\u00e8re raciste, injurieux, ou diffamant, quel que soit le support utilis\u00e9.<\/p><h5>6. Gestion des donn\u00e9es personnelles<\/h5><p>Les donn\u00e9es personnelles sont notamment prot\u00e9g\u00e9es par la Directive Europ\u00e9enne du 24 octobre 1995.<\/p><p>A l\u2019occasion de l\u2019utilisation du site www.mc.app, peuvent \u00eatres recueillies : l\u2019URL des liens par l\u2019interm\u00e9diaire desquels l\u2019utilisateur a acc\u00e9d\u00e9 au site www.mc.app, le fournisseur d\u2019acc\u00e8s de l\u2019utilisateur, l\u2019adresse de protocole Internet (IP) de l\u2019utilisateur.<\/p><p>En tout \u00e9tat de cause, eFolix ne collecte des informations personnelles relatives \u00e0 l\u2019utilisateur que pour le besoin de certains services propos\u00e9s par le site www.mc.app. L\u2019utilisateur fournit ces informations en toute connaissance de cause, notamment lorsqu\u2019il proc\u00e8de par lui-m\u00eame \u00e0 leur saisie. Il est alors pr\u00e9cis\u00e9 \u00e0 l\u2019utilisateur du site www.mc.app l\u2019obligation ou non de fournir ces informations.<\/p><p>Conform\u00e9ment \u00e0 la loi relative \u00e0 l\u2019informatique, aux fichiers et aux libert\u00e9s, tout utilisateur dispose d\u2019un droit d\u2019acc\u00e8s, de rectification et d\u2019opposition aux donn\u00e9es personnelles le concernant, en effectuant sa demande \u00e9crite et sign\u00e9e, accompagn\u00e9e d\u2019une copie du titre d\u2019identit\u00e9 avec signature du titulaire de la pi\u00e8ce, en pr\u00e9cisant l\u2019adresse \u00e0 laquelle la r\u00e9ponse doit \u00eatre envoy\u00e9e.<\/p><p>Aucune information personnelle de l\u2019utilisateur du site www.mc.app n\u2019est publi\u00e9e \u00e0 l\u2019insu de l\u2019utilisateur, \u00e9chang\u00e9e, transf\u00e9r\u00e9e, c\u00e9d\u00e9e ou vendue sur un support quelconque \u00e0 des tiers. Seule l\u2019hypoth\u00e8se du rachat de eFolix et de ses droits permettrait la transmission des dites informations \u00e0 l\u2019\u00e9ventuel acqu\u00e9reur qui serait \u00e0 son tour tenu de la m\u00eame obligation de conservation et de modification des donn\u00e9es vis \u00e0 vis de l\u2019utilisateur du site www.mc.app.<\/p><h5>7. Lien hypertextes et cookies<\/h5><p>Le site www.mc.app contient un certain nombre de liens hypertextes vers d\u2019autres sites, mis en place avec l\u2019autorisation de eFolix. Cependant, eFolix n\u2019a pas la possibilit\u00e9 de v\u00e9rifier le contenu des sites ainsi visit\u00e9s, et n\u2019assumera en cons\u00e9quence aucune responsabilit\u00e9 de ce fait.<\/p><p>La navigation sur le site www.mc.app est susceptible de provoquer l\u2019installation de cookie(s) sur l\u2019ordinateur de l\u2019utilisateur. Un cookie est un fichier de petite taille, qui ne permet pas l\u2019identification de l\u2019utilisateur, mais qui enregistre des informations relatives \u00e0 la navigation d\u2019un ordinateur sur un site. Les donn\u00e9es ainsi obtenues visent \u00e0 faciliter la navigation ult\u00e9rieure sur le site, et ont \u00e9galement vocation \u00e0 permettre diverses mesures de fr\u00e9quentation.<\/p><p>Le refus d\u2019installation d\u2019un cookie peut entra\u00eener l\u2019impossibilit\u00e9 d\u2019acc\u00e9der \u00e0 certains services. L\u2019utilisateur peut toutefois configurer son ordinateur de la mani\u00e8re suivante, pour refuser l\u2019installation des cookies :<\/p><p>Sous Internet Explorer : onglet outil (pictogramme en forme de rouage en haut a droite) \/ options internet. Cliquez sur Confidentialit\u00e9 et choisissez Bloquer tous les cookies. Validez sur Ok.<\/p><p>Sous Firefox : en haut de la fen\u00eatre du navigateur, cliquez sur le bouton Firefox, puis aller dans l\u2019onglet Options. Cliquer sur l\u2019onglet Vie priv\u00e9e. Param\u00e9trez les R\u00e8gles de conservation sur : utiliser les param\u00e8tres personnalis\u00e9s pour l\u2019historique. Enfin d\u00e9cochez-la pour d\u00e9sactiver les cookies.<\/p><p>Sous Safari : Cliquez en haut \u00e0 droite du navigateur sur le pictogramme de menu (symbolis\u00e9 par un rouage). S\u00e9lectionnez Param\u00e8tres. Cliquez sur Afficher les param\u00e8tres avanc\u00e9s. Dans la section \u00ab Confidentialit\u00e9 \u00bb, cliquez sur Param\u00e8tres de contenu. Dans la section \u00ab Cookies \u00bb, vous pouvez bloquer les cookies.<\/p><p>Sous Chrome : Cliquez en haut \u00e0 droite du navigateur sur le pictogramme de menu (symbolis\u00e9 par trois lignes horizontales). S\u00e9lectionnez Param\u00e8tres. Cliquez sur Afficher les param\u00e8tres avanc\u00e9s. Dans la section \u00ab Confidentialit\u00e9 \u00bb, cliquez sur pr\u00e9f\u00e9rences. Dans l\u2019onglet \u201cConfidentialit\u00e9\u201d, vous pouvez bloquer les cookies.<\/p><h5>8. Droits<\/h5><p>Tout litige en relation avec l\u2019utilisation du site www.mc.app est soumis au droit Luxembourgeois et Europ\u00e9en.<\/p>\t\t\t\t\t\t\t\t<\/div>\n\t\t\t\t<\/div>\n\t\t\t\t\t<\/div>\n\t\t\t\t<\/div>\n\t\t\t\t<\/div>\n\t\t","protected":false},"excerpt":{"rendered":"<p>MENTIONS L\u00c9GALES Le site www.mc.app\u2002est la propri\u00e9t\u00e9 de l\u2019entreprise EFOLIX, si\u00e9geant au 5 Rue Dr Herr 96 048 Luxembourg. EFOLIX est immatricul\u00e9e au registre du Commerce de Luxembourg sous N\u00b0B154-324, a pour num\u00e9ro de TVA LU : LU24132344 Le responsable de la publication est Bin GUO. Le site www.mc.app, est con\u00e7u et g\u00e9r\u00e9 par l\u2019entreprise [&hellip;]<\/p>\n","protected":false},"author":4,"featured_media":0,"parent":0,"menu_order":0,"comment_status":"closed","ping_status":"closed","template":"elementor_header_footer","meta":{"footnotes":""},"class_list":["post-1586","page","type-page","status-publish","hentry"],"yoast_head":"<!-- This site is optimized with the Yoast SEO plugin v26.2 - https:\/\/yoast.com\/wordpress\/plugins\/seo\/ -->\n<title>Mentions l\u00e9gales - MCAPP - MicroStore<\/title>\n<meta name=\"robots\" content=\"noindex, nofollow\" \/>\n<meta property=\"og:locale\" content=\"fr_FR\" \/>\n<meta property=\"og:type\" content=\"article\" \/>\n<meta property=\"og:title\" content=\"Mentions l\u00e9gales - MCAPP - MicroStore\" \/>\n<meta property=\"og:description\" content=\"MENTIONS L\u00c9GALES Le site www.mc.app\u2002est la propri\u00e9t\u00e9 de l\u2019entreprise EFOLIX, si\u00e9geant au 5 Rue Dr Herr 96 048 Luxembourg. EFOLIX est immatricul\u00e9e au registre du Commerce de Luxembourg sous N\u00b0B154-324, a pour num\u00e9ro de TVA LU : LU24132344 Le responsable de la publication est Bin GUO. Le site www.mc.app, est con\u00e7u et g\u00e9r\u00e9 par l\u2019entreprise [&hellip;]\" \/>\n<meta property=\"og:url\" content=\"https:\/\/mc.app\/mentions-legales\/\" \/>\n<meta property=\"og:site_name\" content=\"MCAPP - MicroStore\" \/>\n<meta property=\"article:publisher\" content=\"https:\/\/www.facebook.com\/microstoreapp\" \/>\n<meta property=\"article:modified_time\" content=\"2024-05-02T05:13:26+00:00\" \/>\n<meta name=\"twitter:card\" content=\"summary_large_image\" \/>\n<meta name=\"twitter:site\" content=\"@efolix\" \/>\n<meta name=\"twitter:label1\" content=\"Dur\u00e9e de lecture estim\u00e9e\" \/>\n\t<meta name=\"twitter:data1\" content=\"6 minutes\" \/>\n<script type=\"application\/ld+json\" class=\"yoast-schema-graph\">{\"@context\":\"https:\/\/schema.org\",\"@graph\":[{\"@type\":\"WebPage\",\"@id\":\"https:\/\/mc.app\/mentions-legales\/\",\"url\":\"https:\/\/mc.app\/mentions-legales\/\",\"name\":\"Mentions l\u00e9gales - MCAPP - MicroStore\",\"isPartOf\":{\"@id\":\"https:\/\/mc.app\/#website\"},\"datePublished\":\"2022-09-06T14:27:11+00:00\",\"dateModified\":\"2024-05-02T05:13:26+00:00\",\"breadcrumb\":{\"@id\":\"https:\/\/mc.app\/mentions-legales\/#breadcrumb\"},\"inLanguage\":\"fr-FR\",\"potentialAction\":[{\"@type\":\"ReadAction\",\"target\":[\"https:\/\/mc.app\/mentions-legales\/\"]}]},{\"@type\":\"BreadcrumbList\",\"@id\":\"https:\/\/mc.app\/mentions-legales\/#breadcrumb\",\"itemListElement\":[{\"@type\":\"ListItem\",\"position\":1,\"name\":\"Accueil\",\"item\":\"https:\/\/mc.app\/fr\/\"},{\"@type\":\"ListItem\",\"position\":2,\"name\":\"Mentions l\u00e9gales\"}]},{\"@type\":\"WebSite\",\"@id\":\"https:\/\/mc.app\/#website\",\"url\":\"https:\/\/mc.app\/\",\"name\":\"MCAPP - MicroStore\",\"description\":\"Solution digitale pour les grossistes de mode\",\"publisher\":{\"@id\":\"https:\/\/mc.app\/#organization\"},\"potentialAction\":[{\"@type\":\"SearchAction\",\"target\":{\"@type\":\"EntryPoint\",\"urlTemplate\":\"https:\/\/mc.app\/?s={search_term_string}\"},\"query-input\":{\"@type\":\"PropertyValueSpecification\",\"valueRequired\":true,\"valueName\":\"search_term_string\"}}],\"inLanguage\":\"fr-FR\"},{\"@type\":\"Organization\",\"@id\":\"https:\/\/mc.app\/#organization\",\"name\":\"MCAPP - MicroStore\",\"url\":\"https:\/\/mc.app\/\",\"logo\":{\"@type\":\"ImageObject\",\"inLanguage\":\"fr-FR\",\"@id\":\"https:\/\/mc.app\/#\/schema\/logo\/image\/\",\"url\":\"https:\/\/mc.app\/wp-content\/uploads\/2022\/09\/LOGO_130x45.svg\",\"contentUrl\":\"https:\/\/mc.app\/wp-content\/uploads\/2022\/09\/LOGO_130x45.svg\",\"width\":130,\"height\":45,\"caption\":\"MCAPP - MicroStore\"},\"image\":{\"@id\":\"https:\/\/mc.app\/#\/schema\/logo\/image\/\"},\"sameAs\":[\"https:\/\/www.facebook.com\/microstoreapp\",\"https:\/\/x.com\/efolix\",\"https:\/\/www.instagram.com\/mc.app_fr\/\"]}]}<\/script>\n<!-- \/ Yoast SEO plugin. -->","yoast_head_json":{"title":"Mentions l\u00e9gales - MCAPP - MicroStore","robots":{"index":"noindex","follow":"nofollow"},"og_locale":"fr_FR","og_type":"article","og_title":"Mentions l\u00e9gales - MCAPP - MicroStore","og_description":"MENTIONS L\u00c9GALES Le site www.mc.app\u2002est la propri\u00e9t\u00e9 de l\u2019entreprise EFOLIX, si\u00e9geant au 5 Rue Dr Herr 96 048 Luxembourg. EFOLIX est immatricul\u00e9e au registre du Commerce de Luxembourg sous N\u00b0B154-324, a pour num\u00e9ro de TVA LU : LU24132344 Le responsable de la publication est Bin GUO. Le site www.mc.app, est con\u00e7u et g\u00e9r\u00e9 par l\u2019entreprise [&hellip;]","og_url":"https:\/\/mc.app\/mentions-legales\/","og_site_name":"MCAPP - MicroStore","article_publisher":"https:\/\/www.facebook.com\/microstoreapp","article_modified_time":"2024-05-02T05:13:26+00:00","twitter_card":"summary_large_image","twitter_site":"@efolix","twitter_misc":{"Dur\u00e9e de lecture estim\u00e9e":"6 minutes"},"schema":{"@context":"https:\/\/schema.org","@graph":[{"@type":"WebPage","@id":"https:\/\/mc.app\/mentions-legales\/","url":"https:\/\/mc.app\/mentions-legales\/","name":"Mentions l\u00e9gales - MCAPP - MicroStore","isPartOf":{"@id":"https:\/\/mc.app\/#website"},"datePublished":"2022-09-06T14:27:11+00:00","dateModified":"2024-05-02T05:13:26+00:00","breadcrumb":{"@id":"https:\/\/mc.app\/mentions-legales\/#breadcrumb"},"inLanguage":"fr-FR","potentialAction":[{"@type":"ReadAction","target":["https:\/\/mc.app\/mentions-legales\/"]}]},{"@type":"BreadcrumbList","@id":"https:\/\/mc.app\/mentions-legales\/#breadcrumb","itemListElement":[{"@type":"ListItem","position":1,"name":"Accueil","item":"https:\/\/mc.app\/fr\/"},{"@type":"ListItem","position":2,"name":"Mentions l\u00e9gales"}]},{"@type":"WebSite","@id":"https:\/\/mc.app\/#website","url":"https:\/\/mc.app\/","name":"MCAPP - MicroStore","description":"Solution digitale pour les grossistes de mode","publisher":{"@id":"https:\/\/mc.app\/#organization"},"potentialAction":[{"@type":"SearchAction","target":{"@type":"EntryPoint","urlTemplate":"https:\/\/mc.app\/?s={search_term_string}"},"query-input":{"@type":"PropertyValueSpecification","valueRequired":true,"valueName":"search_term_string"}}],"inLanguage":"fr-FR"},{"@type":"Organization","@id":"https:\/\/mc.app\/#organization","name":"MCAPP - MicroStore","url":"https:\/\/mc.app\/","logo":{"@type":"ImageObject","inLanguage":"fr-FR","@id":"https:\/\/mc.app\/#\/schema\/logo\/image\/","url":"https:\/\/mc.app\/wp-content\/uploads\/2022\/09\/LOGO_130x45.svg","contentUrl":"https:\/\/mc.app\/wp-content\/uploads\/2022\/09\/LOGO_130x45.svg","width":130,"height":45,"caption":"MCAPP - MicroStore"},"image":{"@id":"https:\/\/mc.app\/#\/schema\/logo\/image\/"},"sameAs":["https:\/\/www.facebook.com\/microstoreapp","https:\/\/x.com\/efolix","https:\/\/www.instagram.com\/mc.app_fr\/"]}]}},"_links":{"self":[{"href":"https:\/\/mc.app\/fr\/wp-json\/wp\/v2\/pages\/1586","targetHints":{"allow":["GET"]}}],"collection":[{"href":"https:\/\/mc.app\/fr\/wp-json\/wp\/v2\/pages"}],"about":[{"href":"https:\/\/mc.app\/fr\/wp-json\/wp\/v2\/types\/page"}],"author":[{"embeddable":true,"href":"https:\/\/mc.app\/fr\/wp-json\/wp\/v2\/users\/4"}],"replies":[{"embeddable":true,"href":"https:\/\/mc.app\/fr\/wp-json\/wp\/v2\/comments?post=1586"}],"version-history":[{"count":18,"href":"https:\/\/mc.app\/fr\/wp-json\/wp\/v2\/pages\/1586\/revisions"}],"predecessor-version":[{"id":40868,"href":"https:\/\/mc.app\/fr\/wp-json\/wp\/v2\/pages\/1586\/revisions\/40868"}],"wp:attachment":[{"href":"https:\/\/mc.app\/fr\/wp-json\/wp\/v2\/media?parent=1586"}],"curies":[{"name":"wp","href":"https:\/\/api.w.org\/{rel}","templated":true}]}}