{"id":31664,"date":"2022-09-06T16:27:11","date_gmt":"2022-09-06T14:27:11","guid":{"rendered":"https:\/\/mc.app\/mentions-legales\/"},"modified":"2024-10-11T17:52:17","modified_gmt":"2024-10-11T15:52:17","slug":"mentions-legales","status":"publish","type":"page","link":"https:\/\/mc.app\/es\/mentions-legales\/","title":{"rendered":"Mentions l\u00e9gales"},"content":{"rendered":"\t\t<div data-elementor-type=\"wp-page\" data-elementor-id=\"31664\" class=\"elementor elementor-31664 elementor-1586\" data-elementor-post-type=\"page\">\n\t\t\t\t<div class=\"elementor-element elementor-element-1c899b0 e-flex e-con-boxed e-con e-parent\" data-id=\"1c899b0\" data-element_type=\"container\">\n\t\t\t\t\t<div class=\"e-con-inner\">\n\t\t\t\t<div class=\"elementor-element elementor-element-4f9d856 elementor-widget elementor-widget-heading\" data-id=\"4f9d856\" data-element_type=\"widget\" data-widget_type=\"heading.default\">\n\t\t\t\t<div class=\"elementor-widget-container\">\n\t\t\t\t\t<h1 class=\"elementor-heading-title elementor-size-default\">Aviso Legal<\/h1>\t\t\t\t<\/div>\n\t\t\t\t<\/div>\n\t\t\t\t<div class=\"elementor-element elementor-element-21ecb51 elementor-widget elementor-widget-text-editor\" data-id=\"21ecb51\" data-element_type=\"widget\" data-widget_type=\"text-editor.default\">\n\t\t\t\t<div class=\"elementor-widget-container\">\n\t\t\t\t\t\t\t\t\t<p>El sitio <a href=\"http:\/\/www.mc.app\" target=\"_new\" rel=\"noopener\">www.mc.app<\/a> es propiedad de la empresa EFOLIX, con sede en 5 Rue Dr Herr, 96 048 Luxemburgo.<\/p>\n<p>EFOLIX est\u00e1 registrada en el Registro Mercantil de Luxemburgo bajo el n\u00famero B154-324 y su n\u00famero de IVA es LU: LU24132344.<\/p>\n<p>El responsable de la publicaci\u00f3n es Bin GUO.<\/p>\n<p>El sitio <a href=\"http:\/\/www.mc.app\" target=\"_new\" rel=\"noopener\">www.mc.app<\/a> est\u00e1 dise\u00f1ado y gestionado por la empresa EFOLIX.<\/p>\n<p><strong>1. Condiciones generales de uso del sitio y de los servicios ofrecidos<\/strong><\/p>\n<p>El uso del sitio <a href=\"http:\/\/www.mc.app\" target=\"_new\" rel=\"noopener\">www.mc.app<\/a> implica la aceptaci\u00f3n plena y total de las condiciones generales de uso que se describen a continuaci\u00f3n. Estas condiciones de uso pueden ser modificadas o complementadas en cualquier momento, por lo que se invita a los usuarios del sitio <a href=\"http:\/\/www.mc.app\" target=\"_new\" rel=\"noopener\">www.mc.app<\/a> a consultarlas regularmente.<\/p>\n<p>Este sitio est\u00e1 normalmente accesible en todo momento para los usuarios. Sin embargo, eFolix puede decidir interrumpir el servicio por razones de mantenimiento t\u00e9cnico, y se esforzar\u00e1 por comunicar a los usuarios las fechas y horas de la intervenci\u00f3n.<\/p>\n<p>El sitio <a href=\"http:\/\/www.mc.app\" target=\"_new\" rel=\"noopener\">www.mc.app<\/a> se actualiza regularmente por eFolix. De la misma manera, las menciones legales pueden ser modificadas en cualquier momento: sin embargo, son de obligado cumplimiento para el usuario, quien es invitado a consultarlas lo m\u00e1s a menudo posible.<\/p>\n<p><strong>2. Descripci\u00f3n de los servicios proporcionados<\/strong><\/p>\n<p>El sitio <a href=\"http:\/\/www.mc.app\" target=\"_new\" rel=\"noopener\">www.mc.app<\/a> tiene como objetivo proporcionar informaci\u00f3n sobre todas las actividades de la empresa.<\/p>\n<p>eFolix se esfuerza por proporcionar en el sitio <a href=\"http:\/\/www.mc.app\" target=\"_new\" rel=\"noopener\">www.mc.app<\/a> informaci\u00f3n lo m\u00e1s precisa posible. Sin embargo, no se puede responsabilizar por omisiones, inexactitudes y deficiencias en la actualizaci\u00f3n, ya sean de su propia responsabilidad o de terceros socios que le proporcionan esta informaci\u00f3n.<\/p>\n<p>Toda la informaci\u00f3n indicada en el sitio <a href=\"http:\/\/www.mc.app\" target=\"_new\" rel=\"noopener\">www.mc.app<\/a> se ofrece a t\u00edtulo indicativo y est\u00e1 sujeta a cambios. Adem\u00e1s, los datos que aparecen en el sitio <a href=\"http:\/\/www.mc.app\" target=\"_new\" rel=\"noopener\">www.mc.app<\/a> no son exhaustivos. Se ofrecen bajo la reserva de modificaciones que se hayan realizado desde su publicaci\u00f3n en l\u00ednea.<\/p>\n<p><strong>3. Limitaciones contractuales sobre los datos t\u00e9cnicos<\/strong><\/p>\n<p>El sitio utiliza tecnolog\u00eda JavaScript.<\/p>\n<p>El sitio web no ser\u00e1 responsable de los da\u00f1os materiales relacionados con el uso del sitio. Adem\u00e1s, el usuario del sitio se compromete a acceder al sitio utilizando un equipo reciente, libre de virus y con un navegador de \u00faltima generaci\u00f3n actualizado.<\/p>\n<p><strong>4. Propiedades intelectuales y plagios<\/strong><\/p>\n<p>eFolix es propietaria de los derechos de propiedad intelectual o tiene derechos de uso sobre todos los elementos accesibles en el sitio, incluidos los textos, im\u00e1genes, gr\u00e1ficos, logotipos, \u00edconos, sonidos y software.<\/p>\n<p>Cualquier reproducci\u00f3n, representaci\u00f3n, modificaci\u00f3n, publicaci\u00f3n, adaptaci\u00f3n total o parcial de los elementos del sitio, por cualquier medio o procedimiento, est\u00e1 prohibida, a menos que se cuente con la autorizaci\u00f3n escrita previa de eFolix.<\/p>\n<p>Cualquier explotaci\u00f3n no autorizada del sitio o de cualquiera de los elementos que contiene se considerar\u00e1 como un plagio y se perseguir\u00e1 de acuerdo con las disposiciones del C\u00f3digo de Propiedad Intelectual.<\/p>\n<p><strong>5. Limitaciones de responsabilidad<\/strong><\/p>\n<p>eFolix no ser\u00e1 responsable de los da\u00f1os directos e indirectos causados al equipo del usuario durante el acceso al sitio <a href=\"http:\/\/www.mc.app\" target=\"_new\" rel=\"noopener\">www.mc.app<\/a>, ya sea por el uso de un equipo que no cumple con las especificaciones indicadas en el punto 3, o por la aparici\u00f3n de un error o incompatibilidad.<\/p>\n<p>Se ponen a disposici\u00f3n de los usuarios espacios interactivos (posibilidad de hacer preguntas en el espacio de contacto). eFolix se reserva el derecho de eliminar, sin previo aviso, cualquier contenido depositado en este espacio que contravenga la legislaci\u00f3n aplicable en Luxemburgo, en particular las disposiciones relacionadas con la protecci\u00f3n de datos. En caso de ser necesario, eFolix tambi\u00e9n se reserva el derecho de responsabilizar civil y\/o penalmente al usuario, en particular en caso de mensajes de car\u00e1cter racista, injurioso o difamatorio, sin importar el medio utilizado.<\/p>\n<p><strong>6. Gesti\u00f3n de datos personales<\/strong><\/p>\n<p>Los datos personales est\u00e1n protegidos, en particular, por la Directiva Europea del 24 de octubre de 1995.<\/p>\n<p>En el uso del sitio <a href=\"http:\/\/www.mc.app\" target=\"_new\" rel=\"noopener\">www.mc.app<\/a>, se pueden recopilar: la URL de los enlaces a trav\u00e9s de los cuales el usuario accedi\u00f3 al sitio <a href=\"http:\/\/www.mc.app\" target=\"_new\" rel=\"noopener\">www.mc.app<\/a>, el proveedor de acceso del usuario, y la direcci\u00f3n de protocolo de Internet (IP) del usuario.<\/p>\n<p>En todo caso, eFolix no recopila informaci\u00f3n personal relacionada con el usuario, salvo para la necesidad de ciertos servicios ofrecidos por el sitio <a href=\"http:\/\/www.mc.app\" target=\"_new\" rel=\"noopener\">www.mc.app<\/a>. El usuario proporciona esta informaci\u00f3n a sabiendas, especialmente cuando las introduce \u00e9l mismo. Se informa al usuario del sitio <a href=\"http:\/\/www.mc.app\" target=\"_new\" rel=\"noopener\">www.mc.app<\/a> sobre la obligaci\u00f3n o no de proporcionar esta informaci\u00f3n.<\/p>\n<p>De acuerdo con la ley sobre inform\u00e1tica, archivos y libertades, todo usuario tiene derecho de acceso, rectificaci\u00f3n y oposici\u00f3n a los datos personales que le conciernen, realizando una solicitud escrita y firmada, acompa\u00f1ada de una copia del documento de identidad con la firma del titular, especificando la direcci\u00f3n a la que debe enviarse la respuesta.<\/p>\n<p>Ninguna informaci\u00f3n personal del usuario del sitio <a href=\"http:\/\/www.mc.app\" target=\"_new\" rel=\"noopener\">www.mc.app<\/a> se publica sin su conocimiento, se intercambia, se transfiere, se cede o se vende a terceros en ning\u00fan soporte. Solo la posibilidad de compra de eFolix y sus derechos permitir\u00eda la transmisi\u00f3n de dicha informaci\u00f3n al posible adquirente, que a su vez estar\u00eda obligado a la misma obligaci\u00f3n de conservaci\u00f3n y modificaci\u00f3n de los datos respecto al usuario del sitio <a href=\"http:\/\/www.mc.app\" target=\"_new\" rel=\"noopener\">www.mc.app<\/a>.<\/p>\n<p><strong>7. Enlaces hipertextuales y cookies<\/strong><\/p>\n<p>El sitio <a href=\"http:\/\/www.mc.app\" target=\"_new\" rel=\"noopener\">www.mc.app<\/a> contiene un n\u00famero de enlaces hipertextuales a otros sitios, establecidos con la autorizaci\u00f3n de eFolix. Sin embargo, eFolix no tiene la posibilidad de verificar el contenido de los sitios visitados y, por lo tanto, no asumir\u00e1 ninguna responsabilidad al respecto.<\/p>\n<p>La navegaci\u00f3n por el sitio <a href=\"http:\/\/www.mc.app\" target=\"_new\" rel=\"noopener\">www.mc.app<\/a> puede provocar la instalaci\u00f3n de cookies en el ordenador del usuario. Una cookie es un archivo peque\u00f1o que no permite identificar al usuario, pero que registra informaci\u00f3n relacionada con la navegaci\u00f3n de un ordenador en un sitio. Los datos obtenidos tienen como objetivo facilitar la navegaci\u00f3n posterior en el sitio y tambi\u00e9n tienen la finalidad de permitir diversas medidas de tr\u00e1fico.<\/p>\n<p>El rechazo de la instalaci\u00f3n de una cookie puede resultar en la imposibilidad de acceder a ciertos servicios. Sin embargo, el usuario puede configurar su ordenador de la siguiente manera para rechazar la instalaci\u00f3n de cookies:<\/p>\n<p>En Internet Explorer: pesta\u00f1a de herramientas (icono en forma de engranaje en la parte superior derecha) \/ opciones de Internet. Haga clic en Privacidad y elija Bloquear todas las cookies. Confirme haciendo clic en Aceptar.<\/p>\n<p>En Firefox: en la parte superior de la ventana del navegador, haga clic en el bot\u00f3n de Firefox, luego vaya a la pesta\u00f1a Opciones. Haga clic en la pesta\u00f1a Privacidad. Configure las Reglas de conservaci\u00f3n en: utilizar configuraciones personalizadas para el historial. Finalmente, desmarque para desactivar las cookies.<\/p>\n<p>En Safari: Haga clic en la parte superior derecha del navegador en el icono del men\u00fa (representado por un engranaje). Seleccione Configuraci\u00f3n. Haga clic en Mostrar configuraciones avanzadas. En la secci\u00f3n \u00abPrivacidad\u00bb, haga clic en Configuraciones de contenido. En la secci\u00f3n \u00abCookies\u00bb, puede bloquear las cookies.<\/p>\n<p>En Chrome: Haga clic en la parte superior derecha del navegador en el icono del men\u00fa (representado por tres l\u00edneas horizontales). Seleccione Configuraci\u00f3n. Haga clic en Mostrar configuraciones avanzadas. En la secci\u00f3n \u00abPrivacidad\u00bb, haga clic en preferencias. En la pesta\u00f1a \u201cPrivacidad\u201d, puede bloquear las cookies.<\/p>\n<p><strong>8. Derechos<\/strong><\/p>\n<p>Cualquier disputa relacionada con el uso del sitio <a href=\"http:\/\/www.mc.app\" target=\"_new\" rel=\"noopener\">www.mc.app<\/a> se rige por la legislaci\u00f3n luxemburguesa y europea.<\/p>\n\t\t\t\t\t\t\t\t<\/div>\n\t\t\t\t<\/div>\n\t\t\t\t\t<\/div>\n\t\t\t\t<\/div>\n\t\t\t\t<\/div>\n\t\t","protected":false},"excerpt":{"rendered":"<p>Aviso Legal El sitio www.mc.app es propiedad de la empresa EFOLIX, con sede en 5 Rue Dr Herr, 96 048 Luxemburgo. EFOLIX est\u00e1 registrada en el Registro Mercantil de Luxemburgo bajo el n\u00famero B154-324 y su n\u00famero de IVA es LU: LU24132344. El responsable de la publicaci\u00f3n es Bin GUO. El sitio www.mc.app est\u00e1 dise\u00f1ado [&hellip;]<\/p>\n","protected":false},"author":4,"featured_media":0,"parent":0,"menu_order":0,"comment_status":"closed","ping_status":"closed","template":"elementor_header_footer","meta":{"footnotes":""},"class_list":["post-31664","page","type-page","status-publish","hentry"],"yoast_head":"<!-- This site is optimized with the Yoast SEO plugin v26.2 - https:\/\/yoast.com\/wordpress\/plugins\/seo\/ -->\n<title>Mentions l\u00e9gales - MCAPP - MicroStore<\/title>\n<meta name=\"robots\" content=\"noindex, nofollow\" \/>\n<meta property=\"og:locale\" content=\"es_ES\" \/>\n<meta property=\"og:type\" content=\"article\" \/>\n<meta property=\"og:title\" content=\"Mentions l\u00e9gales - MCAPP - MicroStore\" \/>\n<meta property=\"og:description\" content=\"Aviso Legal El sitio www.mc.app es propiedad de la empresa EFOLIX, con sede en 5 Rue Dr Herr, 96 048 Luxemburgo. EFOLIX est\u00e1 registrada en el Registro Mercantil de Luxemburgo bajo el n\u00famero B154-324 y su n\u00famero de IVA es LU: LU24132344. El responsable de la publicaci\u00f3n es Bin GUO. El sitio www.mc.app est\u00e1 dise\u00f1ado [&hellip;]\" \/>\n<meta property=\"og:url\" content=\"https:\/\/mc.app\/mentions-legales\/\" \/>\n<meta property=\"og:site_name\" content=\"MCAPP - MicroStore\" \/>\n<meta property=\"article:publisher\" content=\"https:\/\/www.facebook.com\/microstoreapp\" \/>\n<meta property=\"article:modified_time\" content=\"2024-10-11T15:52:17+00:00\" \/>\n<meta name=\"twitter:card\" content=\"summary_large_image\" \/>\n<meta name=\"twitter:site\" content=\"@efolix\" \/>\n<meta name=\"twitter:label1\" content=\"Tiempo de lectura\" \/>\n\t<meta name=\"twitter:data1\" content=\"6 minutos\" \/>\n<script type=\"application\/ld+json\" class=\"yoast-schema-graph\">{\"@context\":\"https:\/\/schema.org\",\"@graph\":[{\"@type\":\"WebPage\",\"@id\":\"https:\/\/mc.app\/mentions-legales\/\",\"url\":\"https:\/\/mc.app\/mentions-legales\/\",\"name\":\"Mentions l\u00e9gales - MCAPP - MicroStore\",\"isPartOf\":{\"@id\":\"https:\/\/mc.app\/#website\"},\"datePublished\":\"2022-09-06T14:27:11+00:00\",\"dateModified\":\"2024-10-11T15:52:17+00:00\",\"breadcrumb\":{\"@id\":\"https:\/\/mc.app\/mentions-legales\/#breadcrumb\"},\"inLanguage\":\"es\",\"potentialAction\":[{\"@type\":\"ReadAction\",\"target\":[\"https:\/\/mc.app\/mentions-legales\/\"]}]},{\"@type\":\"BreadcrumbList\",\"@id\":\"https:\/\/mc.app\/mentions-legales\/#breadcrumb\",\"itemListElement\":[{\"@type\":\"ListItem\",\"position\":1,\"name\":\"Accueil\",\"item\":\"https:\/\/mc.app\/es\/\"},{\"@type\":\"ListItem\",\"position\":2,\"name\":\"Mentions l\u00e9gales\"}]},{\"@type\":\"WebSite\",\"@id\":\"https:\/\/mc.app\/#website\",\"url\":\"https:\/\/mc.app\/\",\"name\":\"MCAPP - MicroStore\",\"description\":\"Solution digitale pour les grossistes de mode\",\"publisher\":{\"@id\":\"https:\/\/mc.app\/#organization\"},\"potentialAction\":[{\"@type\":\"SearchAction\",\"target\":{\"@type\":\"EntryPoint\",\"urlTemplate\":\"https:\/\/mc.app\/?s={search_term_string}\"},\"query-input\":{\"@type\":\"PropertyValueSpecification\",\"valueRequired\":true,\"valueName\":\"search_term_string\"}}],\"inLanguage\":\"es\"},{\"@type\":\"Organization\",\"@id\":\"https:\/\/mc.app\/#organization\",\"name\":\"MCAPP - MicroStore\",\"url\":\"https:\/\/mc.app\/\",\"logo\":{\"@type\":\"ImageObject\",\"inLanguage\":\"es\",\"@id\":\"https:\/\/mc.app\/#\/schema\/logo\/image\/\",\"url\":\"https:\/\/mc.app\/wp-content\/uploads\/2022\/09\/LOGO_130x45.svg\",\"contentUrl\":\"https:\/\/mc.app\/wp-content\/uploads\/2022\/09\/LOGO_130x45.svg\",\"width\":130,\"height\":45,\"caption\":\"MCAPP - MicroStore\"},\"image\":{\"@id\":\"https:\/\/mc.app\/#\/schema\/logo\/image\/\"},\"sameAs\":[\"https:\/\/www.facebook.com\/microstoreapp\",\"https:\/\/x.com\/efolix\",\"https:\/\/www.instagram.com\/mc.app_fr\/\"]}]}<\/script>\n<!-- \/ Yoast SEO plugin. -->","yoast_head_json":{"title":"Mentions l\u00e9gales - MCAPP - MicroStore","robots":{"index":"noindex","follow":"nofollow"},"og_locale":"es_ES","og_type":"article","og_title":"Mentions l\u00e9gales - MCAPP - MicroStore","og_description":"Aviso Legal El sitio www.mc.app es propiedad de la empresa EFOLIX, con sede en 5 Rue Dr Herr, 96 048 Luxemburgo. EFOLIX est\u00e1 registrada en el Registro Mercantil de Luxemburgo bajo el n\u00famero B154-324 y su n\u00famero de IVA es LU: LU24132344. El responsable de la publicaci\u00f3n es Bin GUO. El sitio www.mc.app est\u00e1 dise\u00f1ado [&hellip;]","og_url":"https:\/\/mc.app\/mentions-legales\/","og_site_name":"MCAPP - MicroStore","article_publisher":"https:\/\/www.facebook.com\/microstoreapp","article_modified_time":"2024-10-11T15:52:17+00:00","twitter_card":"summary_large_image","twitter_site":"@efolix","twitter_misc":{"Tiempo de lectura":"6 minutos"},"schema":{"@context":"https:\/\/schema.org","@graph":[{"@type":"WebPage","@id":"https:\/\/mc.app\/mentions-legales\/","url":"https:\/\/mc.app\/mentions-legales\/","name":"Mentions l\u00e9gales - MCAPP - MicroStore","isPartOf":{"@id":"https:\/\/mc.app\/#website"},"datePublished":"2022-09-06T14:27:11+00:00","dateModified":"2024-10-11T15:52:17+00:00","breadcrumb":{"@id":"https:\/\/mc.app\/mentions-legales\/#breadcrumb"},"inLanguage":"es","potentialAction":[{"@type":"ReadAction","target":["https:\/\/mc.app\/mentions-legales\/"]}]},{"@type":"BreadcrumbList","@id":"https:\/\/mc.app\/mentions-legales\/#breadcrumb","itemListElement":[{"@type":"ListItem","position":1,"name":"Accueil","item":"https:\/\/mc.app\/es\/"},{"@type":"ListItem","position":2,"name":"Mentions l\u00e9gales"}]},{"@type":"WebSite","@id":"https:\/\/mc.app\/#website","url":"https:\/\/mc.app\/","name":"MCAPP - MicroStore","description":"Solution digitale pour les grossistes de mode","publisher":{"@id":"https:\/\/mc.app\/#organization"},"potentialAction":[{"@type":"SearchAction","target":{"@type":"EntryPoint","urlTemplate":"https:\/\/mc.app\/?s={search_term_string}"},"query-input":{"@type":"PropertyValueSpecification","valueRequired":true,"valueName":"search_term_string"}}],"inLanguage":"es"},{"@type":"Organization","@id":"https:\/\/mc.app\/#organization","name":"MCAPP - MicroStore","url":"https:\/\/mc.app\/","logo":{"@type":"ImageObject","inLanguage":"es","@id":"https:\/\/mc.app\/#\/schema\/logo\/image\/","url":"https:\/\/mc.app\/wp-content\/uploads\/2022\/09\/LOGO_130x45.svg","contentUrl":"https:\/\/mc.app\/wp-content\/uploads\/2022\/09\/LOGO_130x45.svg","width":130,"height":45,"caption":"MCAPP - MicroStore"},"image":{"@id":"https:\/\/mc.app\/#\/schema\/logo\/image\/"},"sameAs":["https:\/\/www.facebook.com\/microstoreapp","https:\/\/x.com\/efolix","https:\/\/www.instagram.com\/mc.app_fr\/"]}]}},"_links":{"self":[{"href":"https:\/\/mc.app\/es\/wp-json\/wp\/v2\/pages\/31664","targetHints":{"allow":["GET"]}}],"collection":[{"href":"https:\/\/mc.app\/es\/wp-json\/wp\/v2\/pages"}],"about":[{"href":"https:\/\/mc.app\/es\/wp-json\/wp\/v2\/types\/page"}],"author":[{"embeddable":true,"href":"https:\/\/mc.app\/es\/wp-json\/wp\/v2\/users\/4"}],"replies":[{"embeddable":true,"href":"https:\/\/mc.app\/es\/wp-json\/wp\/v2\/comments?post=31664"}],"version-history":[{"count":6,"href":"https:\/\/mc.app\/es\/wp-json\/wp\/v2\/pages\/31664\/revisions"}],"predecessor-version":[{"id":43724,"href":"https:\/\/mc.app\/es\/wp-json\/wp\/v2\/pages\/31664\/revisions\/43724"}],"wp:attachment":[{"href":"https:\/\/mc.app\/es\/wp-json\/wp\/v2\/media?parent=31664"}],"curies":[{"name":"wp","href":"https:\/\/api.w.org\/{rel}","templated":true}]}}